{"id":1952,"date":"2015-08-24T14:19:22","date_gmt":"2015-08-24T18:19:22","guid":{"rendered":"http:\/\/http:\/\/hansacanada.com\/\/es\/aries-homepage\/"},"modified":"2025-08-08T10:18:05","modified_gmt":"2025-08-08T14:18:05","slug":"escuela-de-ingles","status":"publish","type":"page","link":"https:\/\/hansacanada.com\/es\/escuela-de-ingles\/","title":{"rendered":"ESCUELA DE INGL\u00c9S"},"content":{"rendered":"","protected":false},"excerpt":{"rendered":"","protected":false},"author":6,"featured_media":0,"parent":0,"menu_order":0,"comment_status":"closed","ping_status":"closed","template":"","meta":{"footnotes":""},"class_list":["post-1952","page","type-page","status-publish","hentry"],"yoast_head":"<!-- This site is optimized with the Yoast SEO plugin v26.9 - https:\/\/yoast.com\/product\/yoast-seo-wordpress\/ -->\n<title>Escuela de ingl\u00e9s Hansa Canad\u00e1 | clases de ingl\u00e9s en Toronto<\/title>\n<meta name=\"description\" content=\"La escuela de ingl\u00e9s Hansa, es la m\u00e1s establecida de Canad\u00e1. Clases de ingl\u00e9s en Toronto, preparaci\u00f3n para examenes TOEFL, IELTS, o CELPIP, cursos matutinos, vespertinos, nocturnos y sabatinos. Clase de prueba gratis. Ll\u00e1manos: (+1)416-485-1410\" \/>\n<meta name=\"robots\" content=\"index, follow, max-snippet:-1, max-image-preview:large, max-video-preview:-1\" \/>\n<link rel=\"canonical\" href=\"https:\/\/hansacanada.com\/es\/escuela-de-ingles\/\" \/>\n<meta property=\"og:locale\" content=\"es_ES\" \/>\n<meta property=\"og:type\" content=\"article\" \/>\n<meta property=\"og:title\" content=\"Escuela de ingl\u00e9s Hansa Canad\u00e1 | clases de ingl\u00e9s en Toronto\" \/>\n<meta property=\"og:description\" content=\"La escuela de ingl\u00e9s Hansa, es la m\u00e1s establecida de Canad\u00e1. Clases de ingl\u00e9s en Toronto, preparaci\u00f3n para examenes TOEFL, IELTS, o CELPIP, cursos matutinos, vespertinos, nocturnos y sabatinos. Clase de prueba gratis. Ll\u00e1manos: (+1)416-485-1410\" \/>\n<meta property=\"og:url\" content=\"https:\/\/hansacanada.com\/es\/escuela-de-ingles\/\" \/>\n<meta property=\"og:site_name\" content=\"Hansa Language Centre\" \/>\n<meta property=\"article:publisher\" content=\"https:\/\/www.facebook.com\/HansaCanada\/\" \/>\n<meta property=\"article:modified_time\" content=\"2025-08-08T14:18:05+00:00\" \/>\n<meta name=\"twitter:card\" content=\"summary_large_image\" \/>\n<meta name=\"twitter:site\" content=\"@hansalanguage\" \/>\n<meta name=\"twitter:label1\" content=\"Tiempo de lectura\" \/>\n\t<meta name=\"twitter:data1\" content=\"4 minutos\" \/>\n<script type=\"application\/ld+json\" class=\"yoast-schema-graph\">{\"@context\":\"https:\/\/schema.org\",\"@graph\":[{\"@type\":\"WebPage\",\"@id\":\"https:\/\/hansacanada.com\/es\/escuela-de-ingles\/\",\"url\":\"https:\/\/hansacanada.com\/es\/escuela-de-ingles\/\",\"name\":\"Escuela de ingl\u00e9s Hansa Canad\u00e1 | clases de ingl\u00e9s en Toronto\",\"isPartOf\":{\"@id\":\"https:\/\/hansacanada.com\/es\/#website\"},\"datePublished\":\"2015-08-24T18:19:22+00:00\",\"dateModified\":\"2025-08-08T14:18:05+00:00\",\"description\":\"La escuela de ingl\u00e9s Hansa, es la m\u00e1s establecida de Canad\u00e1. Clases de ingl\u00e9s en Toronto, preparaci\u00f3n para examenes TOEFL, IELTS, o CELPIP, cursos matutinos, vespertinos, nocturnos y sabatinos. Clase de prueba gratis. Ll\u00e1manos: (+1)416-485-1410\",\"breadcrumb\":{\"@id\":\"https:\/\/hansacanada.com\/es\/escuela-de-ingles\/#breadcrumb\"},\"inLanguage\":\"es\",\"potentialAction\":[{\"@type\":\"ReadAction\",\"target\":[\"https:\/\/hansacanada.com\/es\/escuela-de-ingles\/\"]}]},{\"@type\":\"BreadcrumbList\",\"@id\":\"https:\/\/hansacanada.com\/es\/escuela-de-ingles\/#breadcrumb\",\"itemListElement\":[{\"@type\":\"ListItem\",\"position\":1,\"name\":\"Home\",\"item\":\"https:\/\/hansacanada.com\/es\/\"},{\"@type\":\"ListItem\",\"position\":2,\"name\":\"ESCUELA DE INGL\u00c9S\"}]},{\"@type\":\"WebSite\",\"@id\":\"https:\/\/hansacanada.com\/es\/#website\",\"url\":\"https:\/\/hansacanada.com\/es\/\",\"name\":\"Hansa Language Centre\",\"description\":\"Canada&#039;s leading language school\",\"potentialAction\":[{\"@type\":\"SearchAction\",\"target\":{\"@type\":\"EntryPoint\",\"urlTemplate\":\"https:\/\/hansacanada.com\/es\/?s={search_term_string}\"},\"query-input\":{\"@type\":\"PropertyValueSpecification\",\"valueRequired\":true,\"valueName\":\"search_term_string\"}}],\"inLanguage\":\"es\"}]}<\/script>\n<!-- \/ Yoast SEO plugin. -->","yoast_head_json":{"title":"Escuela de ingl\u00e9s Hansa Canad\u00e1 | clases de ingl\u00e9s en Toronto","description":"La escuela de ingl\u00e9s Hansa, es la m\u00e1s establecida de Canad\u00e1. Clases de ingl\u00e9s en Toronto, preparaci\u00f3n para examenes TOEFL, IELTS, o CELPIP, cursos matutinos, vespertinos, nocturnos y sabatinos. Clase de prueba gratis. Ll\u00e1manos: (+1)416-485-1410","robots":{"index":"index","follow":"follow","max-snippet":"max-snippet:-1","max-image-preview":"max-image-preview:large","max-video-preview":"max-video-preview:-1"},"canonical":"https:\/\/hansacanada.com\/es\/escuela-de-ingles\/","og_locale":"es_ES","og_type":"article","og_title":"Escuela de ingl\u00e9s Hansa Canad\u00e1 | clases de ingl\u00e9s en Toronto","og_description":"La escuela de ingl\u00e9s Hansa, es la m\u00e1s establecida de Canad\u00e1. Clases de ingl\u00e9s en Toronto, preparaci\u00f3n para examenes TOEFL, IELTS, o CELPIP, cursos matutinos, vespertinos, nocturnos y sabatinos. Clase de prueba gratis. Ll\u00e1manos: (+1)416-485-1410","og_url":"https:\/\/hansacanada.com\/es\/escuela-de-ingles\/","og_site_name":"Hansa Language Centre","article_publisher":"https:\/\/www.facebook.com\/HansaCanada\/","article_modified_time":"2025-08-08T14:18:05+00:00","twitter_card":"summary_large_image","twitter_site":"@hansalanguage","twitter_misc":{"Tiempo de lectura":"4 minutos"},"schema":{"@context":"https:\/\/schema.org","@graph":[{"@type":"WebPage","@id":"https:\/\/hansacanada.com\/es\/escuela-de-ingles\/","url":"https:\/\/hansacanada.com\/es\/escuela-de-ingles\/","name":"Escuela de ingl\u00e9s Hansa Canad\u00e1 | clases de ingl\u00e9s en Toronto","isPartOf":{"@id":"https:\/\/hansacanada.com\/es\/#website"},"datePublished":"2015-08-24T18:19:22+00:00","dateModified":"2025-08-08T14:18:05+00:00","description":"La escuela de ingl\u00e9s Hansa, es la m\u00e1s establecida de Canad\u00e1. Clases de ingl\u00e9s en Toronto, preparaci\u00f3n para examenes TOEFL, IELTS, o CELPIP, cursos matutinos, vespertinos, nocturnos y sabatinos. Clase de prueba gratis. Ll\u00e1manos: (+1)416-485-1410","breadcrumb":{"@id":"https:\/\/hansacanada.com\/es\/escuela-de-ingles\/#breadcrumb"},"inLanguage":"es","potentialAction":[{"@type":"ReadAction","target":["https:\/\/hansacanada.com\/es\/escuela-de-ingles\/"]}]},{"@type":"BreadcrumbList","@id":"https:\/\/hansacanada.com\/es\/escuela-de-ingles\/#breadcrumb","itemListElement":[{"@type":"ListItem","position":1,"name":"Home","item":"https:\/\/hansacanada.com\/es\/"},{"@type":"ListItem","position":2,"name":"ESCUELA DE INGL\u00c9S"}]},{"@type":"WebSite","@id":"https:\/\/hansacanada.com\/es\/#website","url":"https:\/\/hansacanada.com\/es\/","name":"Hansa Language Centre","description":"Canada&#039;s leading language school","potentialAction":[{"@type":"SearchAction","target":{"@type":"EntryPoint","urlTemplate":"https:\/\/hansacanada.com\/es\/?s={search_term_string}"},"query-input":{"@type":"PropertyValueSpecification","valueRequired":true,"valueName":"search_term_string"}}],"inLanguage":"es"}]}},"_links":{"self":[{"href":"https:\/\/hansacanada.com\/es\/wp-json\/wp\/v2\/pages\/1952","targetHints":{"allow":["GET"]}}],"collection":[{"href":"https:\/\/hansacanada.com\/es\/wp-json\/wp\/v2\/pages"}],"about":[{"href":"https:\/\/hansacanada.com\/es\/wp-json\/wp\/v2\/types\/page"}],"author":[{"embeddable":true,"href":"https:\/\/hansacanada.com\/es\/wp-json\/wp\/v2\/users\/6"}],"replies":[{"embeddable":true,"href":"https:\/\/hansacanada.com\/es\/wp-json\/wp\/v2\/comments?post=1952"}],"version-history":[{"count":5,"href":"https:\/\/hansacanada.com\/es\/wp-json\/wp\/v2\/pages\/1952\/revisions"}],"predecessor-version":[{"id":23375,"href":"https:\/\/hansacanada.com\/es\/wp-json\/wp\/v2\/pages\/1952\/revisions\/23375"}],"wp:attachment":[{"href":"https:\/\/hansacanada.com\/es\/wp-json\/wp\/v2\/media?parent=1952"}],"curies":[{"name":"wp","href":"https:\/\/api.w.org\/{rel}","templated":true}]}}