{"id":20710,"date":"2022-01-27T13:46:31","date_gmt":"2022-01-27T18:46:31","guid":{"rendered":"https:\/\/hansacanada.com\/?page_id=20710"},"modified":"2026-01-14T15:32:53","modified_gmt":"2026-01-14T20:32:53","slug":"general-english","status":"publish","type":"page","link":"https:\/\/hansacanada.com\/es\/english-courses\/general-english\/","title":{"rendered":"PROGRAMA GENERAL DE INGL\u00c9S"},"content":{"rendered":"","protected":false},"excerpt":{"rendered":"","protected":false},"author":4,"featured_media":0,"parent":1918,"menu_order":0,"comment_status":"closed","ping_status":"closed","template":"","meta":{"footnotes":""},"class_list":["post-20710","page","type-page","status-publish","hentry"],"yoast_head":"<!-- This site is optimized with the Yoast SEO plugin v26.9 - https:\/\/yoast.com\/product\/yoast-seo-wordpress\/ -->\n<title>Cursos de ingl\u00e9s general en Hansa | clases de ingl\u00e9s | programa ESL<\/title>\n<meta name=\"description\" content=\"Las clases nocturnas y sabatinas de Hansa est\u00e1n en el campus de 2160 Yonge Street, en el centro de Toronto (estaci\u00f3n de Eglinton). Nuestras clases son impartidas en grupos peque\u00f1os y por profesores amigables, profesionales y certificados. Inscr\u00edbase hoy en Hansa! Las clases comienzan cada semana. Tel:(+1) 416-485-1410\" \/>\n<meta name=\"robots\" content=\"index, follow, max-snippet:-1, max-image-preview:large, max-video-preview:-1\" \/>\n<link rel=\"canonical\" href=\"https:\/\/hansacanada.com\/es\/english-courses\/general-english\/\" \/>\n<meta property=\"og:locale\" content=\"es_ES\" \/>\n<meta property=\"og:type\" content=\"article\" \/>\n<meta property=\"og:title\" content=\"Cursos de ingl\u00e9s general en Hansa | clases de ingl\u00e9s | programa ESL\" \/>\n<meta property=\"og:description\" content=\"Las clases nocturnas y sabatinas de Hansa est\u00e1n en el campus de 2160 Yonge Street, en el centro de Toronto (estaci\u00f3n de Eglinton). Nuestras clases son impartidas en grupos peque\u00f1os y por profesores amigables, profesionales y certificados. Inscr\u00edbase hoy en Hansa! Las clases comienzan cada semana. Tel:(+1) 416-485-1410\" \/>\n<meta property=\"og:url\" content=\"https:\/\/hansacanada.com\/es\/english-courses\/general-english\/\" \/>\n<meta property=\"og:site_name\" content=\"Hansa Language Centre\" \/>\n<meta property=\"article:publisher\" content=\"https:\/\/www.facebook.com\/HansaCanada\/\" \/>\n<meta property=\"article:modified_time\" content=\"2026-01-14T20:32:53+00:00\" \/>\n<meta name=\"twitter:card\" content=\"summary_large_image\" \/>\n<meta name=\"twitter:site\" content=\"@hansalanguage\" \/>\n<script type=\"application\/ld+json\" class=\"yoast-schema-graph\">{\"@context\":\"https:\/\/schema.org\",\"@graph\":[{\"@type\":\"WebPage\",\"@id\":\"https:\/\/hansacanada.com\/es\/english-courses\/general-english\/\",\"url\":\"https:\/\/hansacanada.com\/es\/english-courses\/general-english\/\",\"name\":\"Cursos de ingl\u00e9s general en Hansa | clases de ingl\u00e9s | programa ESL\",\"isPartOf\":{\"@id\":\"https:\/\/hansacanada.com\/es\/#website\"},\"datePublished\":\"2022-01-27T18:46:31+00:00\",\"dateModified\":\"2026-01-14T20:32:53+00:00\",\"description\":\"Las clases nocturnas y sabatinas de Hansa est\u00e1n en el campus de 2160 Yonge Street, en el centro de Toronto (estaci\u00f3n de Eglinton). Nuestras clases son impartidas en grupos peque\u00f1os y por profesores amigables, profesionales y certificados. Inscr\u00edbase hoy en Hansa! Las clases comienzan cada semana. Tel:(+1) 416-485-1410\",\"breadcrumb\":{\"@id\":\"https:\/\/hansacanada.com\/es\/english-courses\/general-english\/#breadcrumb\"},\"inLanguage\":\"es\",\"potentialAction\":[{\"@type\":\"ReadAction\",\"target\":[\"https:\/\/hansacanada.com\/es\/english-courses\/general-english\/\"]}]},{\"@type\":\"BreadcrumbList\",\"@id\":\"https:\/\/hansacanada.com\/es\/english-courses\/general-english\/#breadcrumb\",\"itemListElement\":[{\"@type\":\"ListItem\",\"position\":1,\"name\":\"Home\",\"item\":\"https:\/\/hansacanada.com\/es\/\"},{\"@type\":\"ListItem\",\"position\":2,\"name\":\"ENGLISH CURSOS DE INGL\u00c9S\",\"item\":\"https:\/\/hansacanada.com\/es\/english-courses\/\"},{\"@type\":\"ListItem\",\"position\":3,\"name\":\"PROGRAMA GENERAL DE INGL\u00c9S\"}]},{\"@type\":\"WebSite\",\"@id\":\"https:\/\/hansacanada.com\/es\/#website\",\"url\":\"https:\/\/hansacanada.com\/es\/\",\"name\":\"Hansa Language Centre\",\"description\":\"Canada&#039;s leading language school\",\"potentialAction\":[{\"@type\":\"SearchAction\",\"target\":{\"@type\":\"EntryPoint\",\"urlTemplate\":\"https:\/\/hansacanada.com\/es\/?s={search_term_string}\"},\"query-input\":{\"@type\":\"PropertyValueSpecification\",\"valueRequired\":true,\"valueName\":\"search_term_string\"}}],\"inLanguage\":\"es\"}]}<\/script>\n<!-- \/ Yoast SEO plugin. -->","yoast_head_json":{"title":"Cursos de ingl\u00e9s general en Hansa | clases de ingl\u00e9s | programa ESL","description":"Las clases nocturnas y sabatinas de Hansa est\u00e1n en el campus de 2160 Yonge Street, en el centro de Toronto (estaci\u00f3n de Eglinton). Nuestras clases son impartidas en grupos peque\u00f1os y por profesores amigables, profesionales y certificados. Inscr\u00edbase hoy en Hansa! Las clases comienzan cada semana. Tel:(+1) 416-485-1410","robots":{"index":"index","follow":"follow","max-snippet":"max-snippet:-1","max-image-preview":"max-image-preview:large","max-video-preview":"max-video-preview:-1"},"canonical":"https:\/\/hansacanada.com\/es\/english-courses\/general-english\/","og_locale":"es_ES","og_type":"article","og_title":"Cursos de ingl\u00e9s general en Hansa | clases de ingl\u00e9s | programa ESL","og_description":"Las clases nocturnas y sabatinas de Hansa est\u00e1n en el campus de 2160 Yonge Street, en el centro de Toronto (estaci\u00f3n de Eglinton). Nuestras clases son impartidas en grupos peque\u00f1os y por profesores amigables, profesionales y certificados. Inscr\u00edbase hoy en Hansa! Las clases comienzan cada semana. Tel:(+1) 416-485-1410","og_url":"https:\/\/hansacanada.com\/es\/english-courses\/general-english\/","og_site_name":"Hansa Language Centre","article_publisher":"https:\/\/www.facebook.com\/HansaCanada\/","article_modified_time":"2026-01-14T20:32:53+00:00","twitter_card":"summary_large_image","twitter_site":"@hansalanguage","schema":{"@context":"https:\/\/schema.org","@graph":[{"@type":"WebPage","@id":"https:\/\/hansacanada.com\/es\/english-courses\/general-english\/","url":"https:\/\/hansacanada.com\/es\/english-courses\/general-english\/","name":"Cursos de ingl\u00e9s general en Hansa | clases de ingl\u00e9s | programa ESL","isPartOf":{"@id":"https:\/\/hansacanada.com\/es\/#website"},"datePublished":"2022-01-27T18:46:31+00:00","dateModified":"2026-01-14T20:32:53+00:00","description":"Las clases nocturnas y sabatinas de Hansa est\u00e1n en el campus de 2160 Yonge Street, en el centro de Toronto (estaci\u00f3n de Eglinton). Nuestras clases son impartidas en grupos peque\u00f1os y por profesores amigables, profesionales y certificados. Inscr\u00edbase hoy en Hansa! Las clases comienzan cada semana. Tel:(+1) 416-485-1410","breadcrumb":{"@id":"https:\/\/hansacanada.com\/es\/english-courses\/general-english\/#breadcrumb"},"inLanguage":"es","potentialAction":[{"@type":"ReadAction","target":["https:\/\/hansacanada.com\/es\/english-courses\/general-english\/"]}]},{"@type":"BreadcrumbList","@id":"https:\/\/hansacanada.com\/es\/english-courses\/general-english\/#breadcrumb","itemListElement":[{"@type":"ListItem","position":1,"name":"Home","item":"https:\/\/hansacanada.com\/es\/"},{"@type":"ListItem","position":2,"name":"ENGLISH CURSOS DE INGL\u00c9S","item":"https:\/\/hansacanada.com\/es\/english-courses\/"},{"@type":"ListItem","position":3,"name":"PROGRAMA GENERAL DE INGL\u00c9S"}]},{"@type":"WebSite","@id":"https:\/\/hansacanada.com\/es\/#website","url":"https:\/\/hansacanada.com\/es\/","name":"Hansa Language Centre","description":"Canada&#039;s leading language school","potentialAction":[{"@type":"SearchAction","target":{"@type":"EntryPoint","urlTemplate":"https:\/\/hansacanada.com\/es\/?s={search_term_string}"},"query-input":{"@type":"PropertyValueSpecification","valueRequired":true,"valueName":"search_term_string"}}],"inLanguage":"es"}]}},"_links":{"self":[{"href":"https:\/\/hansacanada.com\/es\/wp-json\/wp\/v2\/pages\/20710","targetHints":{"allow":["GET"]}}],"collection":[{"href":"https:\/\/hansacanada.com\/es\/wp-json\/wp\/v2\/pages"}],"about":[{"href":"https:\/\/hansacanada.com\/es\/wp-json\/wp\/v2\/types\/page"}],"author":[{"embeddable":true,"href":"https:\/\/hansacanada.com\/es\/wp-json\/wp\/v2\/users\/4"}],"replies":[{"embeddable":true,"href":"https:\/\/hansacanada.com\/es\/wp-json\/wp\/v2\/comments?post=20710"}],"version-history":[{"count":5,"href":"https:\/\/hansacanada.com\/es\/wp-json\/wp\/v2\/pages\/20710\/revisions"}],"predecessor-version":[{"id":23546,"href":"https:\/\/hansacanada.com\/es\/wp-json\/wp\/v2\/pages\/20710\/revisions\/23546"}],"up":[{"embeddable":true,"href":"https:\/\/hansacanada.com\/es\/wp-json\/wp\/v2\/pages\/1918"}],"wp:attachment":[{"href":"https:\/\/hansacanada.com\/es\/wp-json\/wp\/v2\/media?parent=20710"}],"curies":[{"name":"wp","href":"https:\/\/api.w.org\/{rel}","templated":true}]}}