{"id":1814,"date":"2015-08-24T14:19:22","date_gmt":"2015-08-24T14:19:22","guid":{"rendered":"http:\/\/http:\/\/hansacanada.com\/\/pt-br\/aries-homepage\/"},"modified":"2025-08-08T10:18:32","modified_gmt":"2025-08-08T14:18:32","slug":"escola-de-ingles","status":"publish","type":"page","link":"https:\/\/hansacanada.com\/pt-br\/escola-de-ingles\/","title":{"rendered":"HOME"},"content":{"rendered":"","protected":false},"excerpt":{"rendered":"","protected":false},"author":6,"featured_media":0,"parent":0,"menu_order":0,"comment_status":"closed","ping_status":"closed","template":"","meta":{"footnotes":""},"class_list":["post-1814","page","type-page","status-publish","hentry"],"yoast_head":"<!-- This site is optimized with the Yoast SEO plugin v26.9 - https:\/\/yoast.com\/product\/yoast-seo-wordpress\/ -->\n<title>Escola de ingl\u00eas Hansa | cursos de ingl\u00eas em Toronto Canada<\/title>\n<meta name=\"description\" content=\"A escola de ingl\u00eas Hansa \u00e9 a escola de idiomas mais antiga do Canad\u00e1. O Hansa \u00e9 famoso por seus cursos de ingl\u00eas, IELTS, TOEFL, CELPIP e prepara\u00e7\u00e3o para universidades. Estude ingl\u00eas em Toronto na Hansa. Fundada em 1969, somos a mais antiga escola de idiomas acreditada do Canad\u00e1.\" \/>\n<meta name=\"robots\" content=\"index, follow, max-snippet:-1, max-image-preview:large, max-video-preview:-1\" \/>\n<link rel=\"canonical\" href=\"https:\/\/hansacanada.com\/pt-br\/escola-de-ingles\/\" \/>\n<meta property=\"og:locale\" content=\"pt_BR\" \/>\n<meta property=\"og:type\" content=\"article\" \/>\n<meta property=\"og:title\" content=\"Escola de ingl\u00eas Hansa | cursos de ingl\u00eas em Toronto Canada\" \/>\n<meta property=\"og:description\" content=\"A escola de ingl\u00eas Hansa \u00e9 a escola de idiomas mais antiga do Canad\u00e1. O Hansa \u00e9 famoso por seus cursos de ingl\u00eas, IELTS, TOEFL, CELPIP e prepara\u00e7\u00e3o para universidades. Estude ingl\u00eas em Toronto na Hansa. Fundada em 1969, somos a mais antiga escola de idiomas acreditada do Canad\u00e1.\" \/>\n<meta property=\"og:url\" content=\"https:\/\/hansacanada.com\/pt-br\/escola-de-ingles\/\" \/>\n<meta property=\"og:site_name\" content=\"Hansa Language Centre\" \/>\n<meta property=\"article:publisher\" content=\"https:\/\/www.facebook.com\/HansaCanada\/\" \/>\n<meta property=\"article:modified_time\" content=\"2025-08-08T14:18:32+00:00\" \/>\n<meta name=\"twitter:card\" content=\"summary_large_image\" \/>\n<meta name=\"twitter:site\" content=\"@hansalanguage\" \/>\n<script type=\"application\/ld+json\" class=\"yoast-schema-graph\">{\"@context\":\"https:\/\/schema.org\",\"@graph\":[{\"@type\":\"WebPage\",\"@id\":\"https:\/\/hansacanada.com\/pt-br\/escola-de-ingles\/\",\"url\":\"https:\/\/hansacanada.com\/pt-br\/escola-de-ingles\/\",\"name\":\"Escola de ingl\u00eas Hansa | cursos de ingl\u00eas em Toronto Canada\",\"isPartOf\":{\"@id\":\"https:\/\/hansacanada.com\/pt-br\/#website\"},\"datePublished\":\"2015-08-24T14:19:22+00:00\",\"dateModified\":\"2025-08-08T14:18:32+00:00\",\"description\":\"A escola de ingl\u00eas Hansa \u00e9 a escola de idiomas mais antiga do Canad\u00e1. O Hansa \u00e9 famoso por seus cursos de ingl\u00eas, IELTS, TOEFL, CELPIP e prepara\u00e7\u00e3o para universidades. Estude ingl\u00eas em Toronto na Hansa. Fundada em 1969, somos a mais antiga escola de idiomas acreditada do Canad\u00e1.\",\"breadcrumb\":{\"@id\":\"https:\/\/hansacanada.com\/pt-br\/escola-de-ingles\/#breadcrumb\"},\"inLanguage\":\"pt-BR\",\"potentialAction\":[{\"@type\":\"ReadAction\",\"target\":[\"https:\/\/hansacanada.com\/pt-br\/escola-de-ingles\/\"]}]},{\"@type\":\"BreadcrumbList\",\"@id\":\"https:\/\/hansacanada.com\/pt-br\/escola-de-ingles\/#breadcrumb\",\"itemListElement\":[{\"@type\":\"ListItem\",\"position\":1,\"name\":\"Home\",\"item\":\"https:\/\/hansacanada.com\/pt-br\/\"},{\"@type\":\"ListItem\",\"position\":2,\"name\":\"HOME\"}]},{\"@type\":\"WebSite\",\"@id\":\"https:\/\/hansacanada.com\/pt-br\/#website\",\"url\":\"https:\/\/hansacanada.com\/pt-br\/\",\"name\":\"Hansa Language Centre\",\"description\":\"Canada&#039;s leading language school\",\"potentialAction\":[{\"@type\":\"SearchAction\",\"target\":{\"@type\":\"EntryPoint\",\"urlTemplate\":\"https:\/\/hansacanada.com\/pt-br\/?s={search_term_string}\"},\"query-input\":{\"@type\":\"PropertyValueSpecification\",\"valueRequired\":true,\"valueName\":\"search_term_string\"}}],\"inLanguage\":\"pt-BR\"}]}<\/script>\n<!-- \/ Yoast SEO plugin. -->","yoast_head_json":{"title":"Escola de ingl\u00eas Hansa | cursos de ingl\u00eas em Toronto Canada","description":"A escola de ingl\u00eas Hansa \u00e9 a escola de idiomas mais antiga do Canad\u00e1. O Hansa \u00e9 famoso por seus cursos de ingl\u00eas, IELTS, TOEFL, CELPIP e prepara\u00e7\u00e3o para universidades. Estude ingl\u00eas em Toronto na Hansa. Fundada em 1969, somos a mais antiga escola de idiomas acreditada do Canad\u00e1.","robots":{"index":"index","follow":"follow","max-snippet":"max-snippet:-1","max-image-preview":"max-image-preview:large","max-video-preview":"max-video-preview:-1"},"canonical":"https:\/\/hansacanada.com\/pt-br\/escola-de-ingles\/","og_locale":"pt_BR","og_type":"article","og_title":"Escola de ingl\u00eas Hansa | cursos de ingl\u00eas em Toronto Canada","og_description":"A escola de ingl\u00eas Hansa \u00e9 a escola de idiomas mais antiga do Canad\u00e1. O Hansa \u00e9 famoso por seus cursos de ingl\u00eas, IELTS, TOEFL, CELPIP e prepara\u00e7\u00e3o para universidades. Estude ingl\u00eas em Toronto na Hansa. Fundada em 1969, somos a mais antiga escola de idiomas acreditada do Canad\u00e1.","og_url":"https:\/\/hansacanada.com\/pt-br\/escola-de-ingles\/","og_site_name":"Hansa Language Centre","article_publisher":"https:\/\/www.facebook.com\/HansaCanada\/","article_modified_time":"2025-08-08T14:18:32+00:00","twitter_card":"summary_large_image","twitter_site":"@hansalanguage","schema":{"@context":"https:\/\/schema.org","@graph":[{"@type":"WebPage","@id":"https:\/\/hansacanada.com\/pt-br\/escola-de-ingles\/","url":"https:\/\/hansacanada.com\/pt-br\/escola-de-ingles\/","name":"Escola de ingl\u00eas Hansa | cursos de ingl\u00eas em Toronto Canada","isPartOf":{"@id":"https:\/\/hansacanada.com\/pt-br\/#website"},"datePublished":"2015-08-24T14:19:22+00:00","dateModified":"2025-08-08T14:18:32+00:00","description":"A escola de ingl\u00eas Hansa \u00e9 a escola de idiomas mais antiga do Canad\u00e1. O Hansa \u00e9 famoso por seus cursos de ingl\u00eas, IELTS, TOEFL, CELPIP e prepara\u00e7\u00e3o para universidades. Estude ingl\u00eas em Toronto na Hansa. Fundada em 1969, somos a mais antiga escola de idiomas acreditada do Canad\u00e1.","breadcrumb":{"@id":"https:\/\/hansacanada.com\/pt-br\/escola-de-ingles\/#breadcrumb"},"inLanguage":"pt-BR","potentialAction":[{"@type":"ReadAction","target":["https:\/\/hansacanada.com\/pt-br\/escola-de-ingles\/"]}]},{"@type":"BreadcrumbList","@id":"https:\/\/hansacanada.com\/pt-br\/escola-de-ingles\/#breadcrumb","itemListElement":[{"@type":"ListItem","position":1,"name":"Home","item":"https:\/\/hansacanada.com\/pt-br\/"},{"@type":"ListItem","position":2,"name":"HOME"}]},{"@type":"WebSite","@id":"https:\/\/hansacanada.com\/pt-br\/#website","url":"https:\/\/hansacanada.com\/pt-br\/","name":"Hansa Language Centre","description":"Canada&#039;s leading language school","potentialAction":[{"@type":"SearchAction","target":{"@type":"EntryPoint","urlTemplate":"https:\/\/hansacanada.com\/pt-br\/?s={search_term_string}"},"query-input":{"@type":"PropertyValueSpecification","valueRequired":true,"valueName":"search_term_string"}}],"inLanguage":"pt-BR"}]}},"_links":{"self":[{"href":"https:\/\/hansacanada.com\/pt-br\/wp-json\/wp\/v2\/pages\/1814","targetHints":{"allow":["GET"]}}],"collection":[{"href":"https:\/\/hansacanada.com\/pt-br\/wp-json\/wp\/v2\/pages"}],"about":[{"href":"https:\/\/hansacanada.com\/pt-br\/wp-json\/wp\/v2\/types\/page"}],"author":[{"embeddable":true,"href":"https:\/\/hansacanada.com\/pt-br\/wp-json\/wp\/v2\/users\/6"}],"replies":[{"embeddable":true,"href":"https:\/\/hansacanada.com\/pt-br\/wp-json\/wp\/v2\/comments?post=1814"}],"version-history":[{"count":5,"href":"https:\/\/hansacanada.com\/pt-br\/wp-json\/wp\/v2\/pages\/1814\/revisions"}],"predecessor-version":[{"id":23376,"href":"https:\/\/hansacanada.com\/pt-br\/wp-json\/wp\/v2\/pages\/1814\/revisions\/23376"}],"wp:attachment":[{"href":"https:\/\/hansacanada.com\/pt-br\/wp-json\/wp\/v2\/media?parent=1814"}],"curies":[{"name":"wp","href":"https:\/\/api.w.org\/{rel}","templated":true}]}}