{"id":20715,"date":"2022-02-10T13:37:52","date_gmt":"2022-02-10T18:37:52","guid":{"rendered":"https:\/\/hansacanada.com\/?page_id=20715"},"modified":"2026-01-14T15:32:48","modified_gmt":"2026-01-14T20:32:48","slug":"general-english-courses","status":"publish","type":"page","link":"https:\/\/hansacanada.com\/pt-br\/english-courses\/general-english-courses\/","title":{"rendered":"CURSOS DE INGL\u00caS GERAL"},"content":{"rendered":"","protected":false},"excerpt":{"rendered":"","protected":false},"author":4,"featured_media":0,"parent":1920,"menu_order":0,"comment_status":"closed","ping_status":"closed","template":"","meta":{"footnotes":""},"class_list":["post-20715","page","type-page","status-publish","hentry"],"yoast_head":"<!-- This site is optimized with the Yoast SEO plugin v26.9 - https:\/\/yoast.com\/product\/yoast-seo-wordpress\/ -->\n<title>Cursos de ingl\u00eas geral na Hansa \/ Aulas de ingl\u00eas \/ ESL Programa<\/title>\n<meta name=\"description\" content=\"Fa\u00e7a um curso de ingl\u00eas geral na Hansa Language Centre. As nossas aulas de ingl\u00eas como segunda l\u00edngua acontecem no pr\u00e9dio da 2160 Yonge Street (perto da esta\u00e7\u00e3o Eglinton do metr\u00f4), em Toronto, Canad\u00e1. Venha nos visitar para uma avalia\u00e7\u00e3o e uma aula experimental ou ligue para (+1) 416-485-1410\" \/>\n<meta name=\"robots\" content=\"index, follow, max-snippet:-1, max-image-preview:large, max-video-preview:-1\" \/>\n<link rel=\"canonical\" href=\"https:\/\/hansacanada.com\/pt-br\/english-courses\/general-english-courses\/\" \/>\n<meta property=\"og:locale\" content=\"pt_BR\" \/>\n<meta property=\"og:type\" content=\"article\" \/>\n<meta property=\"og:title\" content=\"Cursos de ingl\u00eas geral na Hansa \/ Aulas de ingl\u00eas \/ ESL Programa\" \/>\n<meta property=\"og:description\" content=\"Fa\u00e7a um curso de ingl\u00eas geral na Hansa Language Centre. As nossas aulas de ingl\u00eas como segunda l\u00edngua acontecem no pr\u00e9dio da 2160 Yonge Street (perto da esta\u00e7\u00e3o Eglinton do metr\u00f4), em Toronto, Canad\u00e1. Venha nos visitar para uma avalia\u00e7\u00e3o e uma aula experimental ou ligue para (+1) 416-485-1410\" \/>\n<meta property=\"og:url\" content=\"https:\/\/hansacanada.com\/pt-br\/english-courses\/general-english-courses\/\" \/>\n<meta property=\"og:site_name\" content=\"Hansa Language Centre\" \/>\n<meta property=\"article:publisher\" content=\"https:\/\/www.facebook.com\/HansaCanada\/\" \/>\n<meta property=\"article:modified_time\" content=\"2026-01-14T20:32:48+00:00\" \/>\n<meta name=\"twitter:card\" content=\"summary_large_image\" \/>\n<meta name=\"twitter:site\" content=\"@hansalanguage\" \/>\n<script type=\"application\/ld+json\" class=\"yoast-schema-graph\">{\"@context\":\"https:\/\/schema.org\",\"@graph\":[{\"@type\":\"WebPage\",\"@id\":\"https:\/\/hansacanada.com\/pt-br\/english-courses\/general-english-courses\/\",\"url\":\"https:\/\/hansacanada.com\/pt-br\/english-courses\/general-english-courses\/\",\"name\":\"Cursos de ingl\u00eas geral na Hansa \/ Aulas de ingl\u00eas \/ ESL Programa\",\"isPartOf\":{\"@id\":\"https:\/\/hansacanada.com\/pt-br\/#website\"},\"datePublished\":\"2022-02-10T18:37:52+00:00\",\"dateModified\":\"2026-01-14T20:32:48+00:00\",\"description\":\"Fa\u00e7a um curso de ingl\u00eas geral na Hansa Language Centre. As nossas aulas de ingl\u00eas como segunda l\u00edngua acontecem no pr\u00e9dio da 2160 Yonge Street (perto da esta\u00e7\u00e3o Eglinton do metr\u00f4), em Toronto, Canad\u00e1. Venha nos visitar para uma avalia\u00e7\u00e3o e uma aula experimental ou ligue para (+1) 416-485-1410\",\"breadcrumb\":{\"@id\":\"https:\/\/hansacanada.com\/pt-br\/english-courses\/general-english-courses\/#breadcrumb\"},\"inLanguage\":\"pt-BR\",\"potentialAction\":[{\"@type\":\"ReadAction\",\"target\":[\"https:\/\/hansacanada.com\/pt-br\/english-courses\/general-english-courses\/\"]}]},{\"@type\":\"BreadcrumbList\",\"@id\":\"https:\/\/hansacanada.com\/pt-br\/english-courses\/general-english-courses\/#breadcrumb\",\"itemListElement\":[{\"@type\":\"ListItem\",\"position\":1,\"name\":\"Home\",\"item\":\"https:\/\/hansacanada.com\/pt-br\/\"},{\"@type\":\"ListItem\",\"position\":2,\"name\":\"CURSOS DE INGL\u00caS\",\"item\":\"https:\/\/hansacanada.com\/pt-br\/english-courses\/\"},{\"@type\":\"ListItem\",\"position\":3,\"name\":\"CURSOS DE INGL\u00caS GERAL\"}]},{\"@type\":\"WebSite\",\"@id\":\"https:\/\/hansacanada.com\/pt-br\/#website\",\"url\":\"https:\/\/hansacanada.com\/pt-br\/\",\"name\":\"Hansa Language Centre\",\"description\":\"Canada&#039;s leading language school\",\"potentialAction\":[{\"@type\":\"SearchAction\",\"target\":{\"@type\":\"EntryPoint\",\"urlTemplate\":\"https:\/\/hansacanada.com\/pt-br\/?s={search_term_string}\"},\"query-input\":{\"@type\":\"PropertyValueSpecification\",\"valueRequired\":true,\"valueName\":\"search_term_string\"}}],\"inLanguage\":\"pt-BR\"}]}<\/script>\n<!-- \/ Yoast SEO plugin. -->","yoast_head_json":{"title":"Cursos de ingl\u00eas geral na Hansa \/ Aulas de ingl\u00eas \/ ESL Programa","description":"Fa\u00e7a um curso de ingl\u00eas geral na Hansa Language Centre. As nossas aulas de ingl\u00eas como segunda l\u00edngua acontecem no pr\u00e9dio da 2160 Yonge Street (perto da esta\u00e7\u00e3o Eglinton do metr\u00f4), em Toronto, Canad\u00e1. Venha nos visitar para uma avalia\u00e7\u00e3o e uma aula experimental ou ligue para (+1) 416-485-1410","robots":{"index":"index","follow":"follow","max-snippet":"max-snippet:-1","max-image-preview":"max-image-preview:large","max-video-preview":"max-video-preview:-1"},"canonical":"https:\/\/hansacanada.com\/pt-br\/english-courses\/general-english-courses\/","og_locale":"pt_BR","og_type":"article","og_title":"Cursos de ingl\u00eas geral na Hansa \/ Aulas de ingl\u00eas \/ ESL Programa","og_description":"Fa\u00e7a um curso de ingl\u00eas geral na Hansa Language Centre. As nossas aulas de ingl\u00eas como segunda l\u00edngua acontecem no pr\u00e9dio da 2160 Yonge Street (perto da esta\u00e7\u00e3o Eglinton do metr\u00f4), em Toronto, Canad\u00e1. Venha nos visitar para uma avalia\u00e7\u00e3o e uma aula experimental ou ligue para (+1) 416-485-1410","og_url":"https:\/\/hansacanada.com\/pt-br\/english-courses\/general-english-courses\/","og_site_name":"Hansa Language Centre","article_publisher":"https:\/\/www.facebook.com\/HansaCanada\/","article_modified_time":"2026-01-14T20:32:48+00:00","twitter_card":"summary_large_image","twitter_site":"@hansalanguage","schema":{"@context":"https:\/\/schema.org","@graph":[{"@type":"WebPage","@id":"https:\/\/hansacanada.com\/pt-br\/english-courses\/general-english-courses\/","url":"https:\/\/hansacanada.com\/pt-br\/english-courses\/general-english-courses\/","name":"Cursos de ingl\u00eas geral na Hansa \/ Aulas de ingl\u00eas \/ ESL Programa","isPartOf":{"@id":"https:\/\/hansacanada.com\/pt-br\/#website"},"datePublished":"2022-02-10T18:37:52+00:00","dateModified":"2026-01-14T20:32:48+00:00","description":"Fa\u00e7a um curso de ingl\u00eas geral na Hansa Language Centre. As nossas aulas de ingl\u00eas como segunda l\u00edngua acontecem no pr\u00e9dio da 2160 Yonge Street (perto da esta\u00e7\u00e3o Eglinton do metr\u00f4), em Toronto, Canad\u00e1. Venha nos visitar para uma avalia\u00e7\u00e3o e uma aula experimental ou ligue para (+1) 416-485-1410","breadcrumb":{"@id":"https:\/\/hansacanada.com\/pt-br\/english-courses\/general-english-courses\/#breadcrumb"},"inLanguage":"pt-BR","potentialAction":[{"@type":"ReadAction","target":["https:\/\/hansacanada.com\/pt-br\/english-courses\/general-english-courses\/"]}]},{"@type":"BreadcrumbList","@id":"https:\/\/hansacanada.com\/pt-br\/english-courses\/general-english-courses\/#breadcrumb","itemListElement":[{"@type":"ListItem","position":1,"name":"Home","item":"https:\/\/hansacanada.com\/pt-br\/"},{"@type":"ListItem","position":2,"name":"CURSOS DE INGL\u00caS","item":"https:\/\/hansacanada.com\/pt-br\/english-courses\/"},{"@type":"ListItem","position":3,"name":"CURSOS DE INGL\u00caS GERAL"}]},{"@type":"WebSite","@id":"https:\/\/hansacanada.com\/pt-br\/#website","url":"https:\/\/hansacanada.com\/pt-br\/","name":"Hansa Language Centre","description":"Canada&#039;s leading language school","potentialAction":[{"@type":"SearchAction","target":{"@type":"EntryPoint","urlTemplate":"https:\/\/hansacanada.com\/pt-br\/?s={search_term_string}"},"query-input":{"@type":"PropertyValueSpecification","valueRequired":true,"valueName":"search_term_string"}}],"inLanguage":"pt-BR"}]}},"_links":{"self":[{"href":"https:\/\/hansacanada.com\/pt-br\/wp-json\/wp\/v2\/pages\/20715","targetHints":{"allow":["GET"]}}],"collection":[{"href":"https:\/\/hansacanada.com\/pt-br\/wp-json\/wp\/v2\/pages"}],"about":[{"href":"https:\/\/hansacanada.com\/pt-br\/wp-json\/wp\/v2\/types\/page"}],"author":[{"embeddable":true,"href":"https:\/\/hansacanada.com\/pt-br\/wp-json\/wp\/v2\/users\/4"}],"replies":[{"embeddable":true,"href":"https:\/\/hansacanada.com\/pt-br\/wp-json\/wp\/v2\/comments?post=20715"}],"version-history":[{"count":5,"href":"https:\/\/hansacanada.com\/pt-br\/wp-json\/wp\/v2\/pages\/20715\/revisions"}],"predecessor-version":[{"id":23544,"href":"https:\/\/hansacanada.com\/pt-br\/wp-json\/wp\/v2\/pages\/20715\/revisions\/23544"}],"up":[{"embeddable":true,"href":"https:\/\/hansacanada.com\/pt-br\/wp-json\/wp\/v2\/pages\/1920"}],"wp:attachment":[{"href":"https:\/\/hansacanada.com\/pt-br\/wp-json\/wp\/v2\/media?parent=20715"}],"curies":[{"name":"wp","href":"https:\/\/api.w.org\/{rel}","templated":true}]}}