{"id":3136,"date":"2015-10-17T22:07:05","date_gmt":"2015-10-17T22:07:05","guid":{"rendered":"http:\/\/hansacanada.com\/english-programs\/exam-preparation\/"},"modified":"2025-09-23T13:55:52","modified_gmt":"2025-09-23T17:55:52","slug":"exam-preparation","status":"publish","type":"page","link":"https:\/\/hansacanada.com\/pt-br\/english-courses\/exam-preparation\/","title":{"rendered":"PREPARA\u00c7\u00c3O PARA EXAMES"},"content":{"rendered":"","protected":false},"excerpt":{"rendered":"","protected":false},"author":6,"featured_media":0,"parent":1920,"menu_order":0,"comment_status":"closed","ping_status":"closed","template":"","meta":{"footnotes":""},"class_list":["post-3136","page","type-page","status-publish","hentry"],"yoast_head":"<!-- This site is optimized with the Yoast SEO plugin v26.9 - https:\/\/yoast.com\/product\/yoast-seo-wordpress\/ -->\n<title>Prepara\u00e7\u00e3o para exames IELTS TOEFL e CELPIP na escola Hansa<\/title>\n<meta name=\"description\" content=\"Familiarize-se com o IELTS, o TOEFL e o CELPIP fazendo o programa de prepara\u00e7\u00e3o para exames da escola Hansa e torne-se proficiente na l\u00edngua inglesa.\" \/>\n<meta name=\"robots\" content=\"index, follow, max-snippet:-1, max-image-preview:large, max-video-preview:-1\" \/>\n<link rel=\"canonical\" href=\"https:\/\/hansacanada.com\/pt-br\/english-courses\/exam-preparation\/\" \/>\n<meta property=\"og:locale\" content=\"pt_BR\" \/>\n<meta property=\"og:type\" content=\"article\" \/>\n<meta property=\"og:title\" content=\"Prepara\u00e7\u00e3o para exames IELTS TOEFL e CELPIP na escola Hansa\" \/>\n<meta property=\"og:description\" content=\"Familiarize-se com o IELTS, o TOEFL e o CELPIP fazendo o programa de prepara\u00e7\u00e3o para exames da escola Hansa e torne-se proficiente na l\u00edngua inglesa.\" \/>\n<meta property=\"og:url\" content=\"https:\/\/hansacanada.com\/pt-br\/english-courses\/exam-preparation\/\" \/>\n<meta property=\"og:site_name\" content=\"Hansa Language Centre\" \/>\n<meta property=\"article:publisher\" content=\"https:\/\/www.facebook.com\/HansaCanada\/\" \/>\n<meta property=\"article:modified_time\" content=\"2025-09-23T17:55:52+00:00\" \/>\n<meta name=\"twitter:card\" content=\"summary_large_image\" \/>\n<meta name=\"twitter:site\" content=\"@hansalanguage\" \/>\n<script type=\"application\/ld+json\" class=\"yoast-schema-graph\">{\"@context\":\"https:\/\/schema.org\",\"@graph\":[{\"@type\":\"WebPage\",\"@id\":\"https:\/\/hansacanada.com\/pt-br\/english-courses\/exam-preparation\/\",\"url\":\"https:\/\/hansacanada.com\/pt-br\/english-courses\/exam-preparation\/\",\"name\":\"Prepara\u00e7\u00e3o para exames IELTS TOEFL e CELPIP na escola Hansa\",\"isPartOf\":{\"@id\":\"https:\/\/hansacanada.com\/pt-br\/#website\"},\"datePublished\":\"2015-10-17T22:07:05+00:00\",\"dateModified\":\"2025-09-23T17:55:52+00:00\",\"description\":\"Familiarize-se com o IELTS, o TOEFL e o CELPIP fazendo o programa de prepara\u00e7\u00e3o para exames da escola Hansa e torne-se proficiente na l\u00edngua inglesa.\",\"breadcrumb\":{\"@id\":\"https:\/\/hansacanada.com\/pt-br\/english-courses\/exam-preparation\/#breadcrumb\"},\"inLanguage\":\"pt-BR\",\"potentialAction\":[{\"@type\":\"ReadAction\",\"target\":[\"https:\/\/hansacanada.com\/pt-br\/english-courses\/exam-preparation\/\"]}]},{\"@type\":\"BreadcrumbList\",\"@id\":\"https:\/\/hansacanada.com\/pt-br\/english-courses\/exam-preparation\/#breadcrumb\",\"itemListElement\":[{\"@type\":\"ListItem\",\"position\":1,\"name\":\"Home\",\"item\":\"https:\/\/hansacanada.com\/pt-br\/\"},{\"@type\":\"ListItem\",\"position\":2,\"name\":\"CURSOS DE INGL\u00caS\",\"item\":\"https:\/\/hansacanada.com\/pt-br\/english-courses\/\"},{\"@type\":\"ListItem\",\"position\":3,\"name\":\"PREPARA\u00c7\u00c3O PARA EXAMES\"}]},{\"@type\":\"WebSite\",\"@id\":\"https:\/\/hansacanada.com\/pt-br\/#website\",\"url\":\"https:\/\/hansacanada.com\/pt-br\/\",\"name\":\"Hansa Language Centre\",\"description\":\"Canada&#039;s leading language school\",\"potentialAction\":[{\"@type\":\"SearchAction\",\"target\":{\"@type\":\"EntryPoint\",\"urlTemplate\":\"https:\/\/hansacanada.com\/pt-br\/?s={search_term_string}\"},\"query-input\":{\"@type\":\"PropertyValueSpecification\",\"valueRequired\":true,\"valueName\":\"search_term_string\"}}],\"inLanguage\":\"pt-BR\"}]}<\/script>\n<!-- \/ Yoast SEO plugin. -->","yoast_head_json":{"title":"Prepara\u00e7\u00e3o para exames IELTS TOEFL e CELPIP na escola Hansa","description":"Familiarize-se com o IELTS, o TOEFL e o CELPIP fazendo o programa de prepara\u00e7\u00e3o para exames da escola Hansa e torne-se proficiente na l\u00edngua inglesa.","robots":{"index":"index","follow":"follow","max-snippet":"max-snippet:-1","max-image-preview":"max-image-preview:large","max-video-preview":"max-video-preview:-1"},"canonical":"https:\/\/hansacanada.com\/pt-br\/english-courses\/exam-preparation\/","og_locale":"pt_BR","og_type":"article","og_title":"Prepara\u00e7\u00e3o para exames IELTS TOEFL e CELPIP na escola Hansa","og_description":"Familiarize-se com o IELTS, o TOEFL e o CELPIP fazendo o programa de prepara\u00e7\u00e3o para exames da escola Hansa e torne-se proficiente na l\u00edngua inglesa.","og_url":"https:\/\/hansacanada.com\/pt-br\/english-courses\/exam-preparation\/","og_site_name":"Hansa Language Centre","article_publisher":"https:\/\/www.facebook.com\/HansaCanada\/","article_modified_time":"2025-09-23T17:55:52+00:00","twitter_card":"summary_large_image","twitter_site":"@hansalanguage","schema":{"@context":"https:\/\/schema.org","@graph":[{"@type":"WebPage","@id":"https:\/\/hansacanada.com\/pt-br\/english-courses\/exam-preparation\/","url":"https:\/\/hansacanada.com\/pt-br\/english-courses\/exam-preparation\/","name":"Prepara\u00e7\u00e3o para exames IELTS TOEFL e CELPIP na escola Hansa","isPartOf":{"@id":"https:\/\/hansacanada.com\/pt-br\/#website"},"datePublished":"2015-10-17T22:07:05+00:00","dateModified":"2025-09-23T17:55:52+00:00","description":"Familiarize-se com o IELTS, o TOEFL e o CELPIP fazendo o programa de prepara\u00e7\u00e3o para exames da escola Hansa e torne-se proficiente na l\u00edngua inglesa.","breadcrumb":{"@id":"https:\/\/hansacanada.com\/pt-br\/english-courses\/exam-preparation\/#breadcrumb"},"inLanguage":"pt-BR","potentialAction":[{"@type":"ReadAction","target":["https:\/\/hansacanada.com\/pt-br\/english-courses\/exam-preparation\/"]}]},{"@type":"BreadcrumbList","@id":"https:\/\/hansacanada.com\/pt-br\/english-courses\/exam-preparation\/#breadcrumb","itemListElement":[{"@type":"ListItem","position":1,"name":"Home","item":"https:\/\/hansacanada.com\/pt-br\/"},{"@type":"ListItem","position":2,"name":"CURSOS DE INGL\u00caS","item":"https:\/\/hansacanada.com\/pt-br\/english-courses\/"},{"@type":"ListItem","position":3,"name":"PREPARA\u00c7\u00c3O PARA EXAMES"}]},{"@type":"WebSite","@id":"https:\/\/hansacanada.com\/pt-br\/#website","url":"https:\/\/hansacanada.com\/pt-br\/","name":"Hansa Language Centre","description":"Canada&#039;s leading language school","potentialAction":[{"@type":"SearchAction","target":{"@type":"EntryPoint","urlTemplate":"https:\/\/hansacanada.com\/pt-br\/?s={search_term_string}"},"query-input":{"@type":"PropertyValueSpecification","valueRequired":true,"valueName":"search_term_string"}}],"inLanguage":"pt-BR"}]}},"_links":{"self":[{"href":"https:\/\/hansacanada.com\/pt-br\/wp-json\/wp\/v2\/pages\/3136","targetHints":{"allow":["GET"]}}],"collection":[{"href":"https:\/\/hansacanada.com\/pt-br\/wp-json\/wp\/v2\/pages"}],"about":[{"href":"https:\/\/hansacanada.com\/pt-br\/wp-json\/wp\/v2\/types\/page"}],"author":[{"embeddable":true,"href":"https:\/\/hansacanada.com\/pt-br\/wp-json\/wp\/v2\/users\/6"}],"replies":[{"embeddable":true,"href":"https:\/\/hansacanada.com\/pt-br\/wp-json\/wp\/v2\/comments?post=3136"}],"version-history":[{"count":5,"href":"https:\/\/hansacanada.com\/pt-br\/wp-json\/wp\/v2\/pages\/3136\/revisions"}],"predecessor-version":[{"id":23393,"href":"https:\/\/hansacanada.com\/pt-br\/wp-json\/wp\/v2\/pages\/3136\/revisions\/23393"}],"up":[{"embeddable":true,"href":"https:\/\/hansacanada.com\/pt-br\/wp-json\/wp\/v2\/pages\/1920"}],"wp:attachment":[{"href":"https:\/\/hansacanada.com\/pt-br\/wp-json\/wp\/v2\/media?parent=3136"}],"curies":[{"name":"wp","href":"https:\/\/api.w.org\/{rel}","templated":true}]}}