{"id":3205,"date":"2015-10-14T12:24:28","date_gmt":"2015-10-14T12:24:28","guid":{"rendered":"http:\/\/hansacanada.com\/english-programs\/intensive-english-program\/"},"modified":"2018-01-13T19:24:10","modified_gmt":"2018-01-13T19:24:10","slug":"cursos-intensivos-ingles","status":"publish","type":"page","link":"https:\/\/hansacanada.com\/pt-br\/english-courses\/cursos-intensivos-ingles\/","title":{"rendered":"CURSOS INTENSIVOS"},"content":{"rendered":"[vc_row][vc_column][orbit_circle_loader number=&#8221;30&#8243; symbol=&#8221;3&#8243; number_color=&#8221;#000000&#8243; track_color=&#8221;#eeeeee&#8221;]\n<h3>Heading<\/h3>\n<p>This content is displayed below the circle loader.[\/orbit_circle_loader][\/vc_column][\/vc_row]\n","protected":false},"excerpt":{"rendered":"<p>[vc_row][vc_column][orbit_circle_loader number=&#8221;30&#8243; symbol=&#8221;3&#8243; number_color=&#8221;#000000&#8243; track_color=&#8221;#eeeeee&#8221;] Heading This content is displayed below the circle loader.[\/orbit_circle_loader][\/vc_column][\/vc_row]<\/p>\n","protected":false},"author":6,"featured_media":0,"parent":1920,"menu_order":0,"comment_status":"closed","ping_status":"closed","template":"","meta":{"footnotes":""},"class_list":["post-3205","page","type-page","status-publish","hentry"],"yoast_head":"<!-- This site is optimized with the Yoast SEO plugin v26.9 - https:\/\/yoast.com\/product\/yoast-seo-wordpress\/ -->\n<title>CURSOS INTENSIVOS DE INGL\u00caS EM TORONTO, CANAD\u00c1<\/title>\n<meta name=\"description\" content=\"Nos cursos intensivos de ingl\u00eas da Hansa, os alunos podem escolher as disciplinas de estudo que incluem gram\u00e1tica, leitura, conversa\u00e7\u00e3o, audi\u00e7\u00e3o e escrita. O programa intensivo de ingl\u00eas \u00e9 em tempo integral e os estudantes t\u00eam a op\u00e7\u00e3o de fazer 15, 20, 25 ou 30 horas semanais.\" \/>\n<meta name=\"robots\" content=\"index, follow, max-snippet:-1, max-image-preview:large, max-video-preview:-1\" \/>\n<link rel=\"canonical\" href=\"https:\/\/hansacanada.com\/pt-br\/english-courses\/cursos-intensivos-ingles\/\" \/>\n<meta property=\"og:locale\" content=\"pt_BR\" \/>\n<meta property=\"og:type\" content=\"article\" \/>\n<meta property=\"og:title\" content=\"CURSOS INTENSIVOS DE INGL\u00caS EM TORONTO, CANAD\u00c1\" \/>\n<meta property=\"og:description\" content=\"Nos cursos intensivos de ingl\u00eas da Hansa, os alunos podem escolher as disciplinas de estudo que incluem gram\u00e1tica, leitura, conversa\u00e7\u00e3o, audi\u00e7\u00e3o e escrita. O programa intensivo de ingl\u00eas \u00e9 em tempo integral e os estudantes t\u00eam a op\u00e7\u00e3o de fazer 15, 20, 25 ou 30 horas semanais.\" \/>\n<meta property=\"og:url\" content=\"https:\/\/hansacanada.com\/pt-br\/english-courses\/cursos-intensivos-ingles\/\" \/>\n<meta property=\"og:site_name\" content=\"Hansa Language Centre\" \/>\n<meta property=\"article:publisher\" content=\"https:\/\/www.facebook.com\/HansaCanada\/\" \/>\n<meta property=\"article:modified_time\" content=\"2018-01-13T19:24:10+00:00\" \/>\n<meta name=\"twitter:card\" content=\"summary_large_image\" \/>\n<meta name=\"twitter:site\" content=\"@hansalanguage\" \/>\n<script type=\"application\/ld+json\" class=\"yoast-schema-graph\">{\"@context\":\"https:\/\/schema.org\",\"@graph\":[{\"@type\":\"WebPage\",\"@id\":\"https:\/\/hansacanada.com\/pt-br\/english-courses\/cursos-intensivos-ingles\/\",\"url\":\"https:\/\/hansacanada.com\/pt-br\/english-courses\/cursos-intensivos-ingles\/\",\"name\":\"CURSOS INTENSIVOS DE INGL\u00caS EM TORONTO, CANAD\u00c1\",\"isPartOf\":{\"@id\":\"https:\/\/hansacanada.com\/pt-br\/#website\"},\"datePublished\":\"2015-10-14T12:24:28+00:00\",\"dateModified\":\"2018-01-13T19:24:10+00:00\",\"description\":\"Nos cursos intensivos de ingl\u00eas da Hansa, os alunos podem escolher as disciplinas de estudo que incluem gram\u00e1tica, leitura, conversa\u00e7\u00e3o, audi\u00e7\u00e3o e escrita. O programa intensivo de ingl\u00eas \u00e9 em tempo integral e os estudantes t\u00eam a op\u00e7\u00e3o de fazer 15, 20, 25 ou 30 horas semanais.\",\"breadcrumb\":{\"@id\":\"https:\/\/hansacanada.com\/pt-br\/english-courses\/cursos-intensivos-ingles\/#breadcrumb\"},\"inLanguage\":\"pt-BR\",\"potentialAction\":[{\"@type\":\"ReadAction\",\"target\":[\"https:\/\/hansacanada.com\/pt-br\/english-courses\/cursos-intensivos-ingles\/\"]}]},{\"@type\":\"BreadcrumbList\",\"@id\":\"https:\/\/hansacanada.com\/pt-br\/english-courses\/cursos-intensivos-ingles\/#breadcrumb\",\"itemListElement\":[{\"@type\":\"ListItem\",\"position\":1,\"name\":\"Home\",\"item\":\"https:\/\/hansacanada.com\/pt-br\/\"},{\"@type\":\"ListItem\",\"position\":2,\"name\":\"CURSOS DE INGL\u00caS\",\"item\":\"https:\/\/hansacanada.com\/pt-br\/english-courses\/\"},{\"@type\":\"ListItem\",\"position\":3,\"name\":\"CURSOS INTENSIVOS\"}]},{\"@type\":\"WebSite\",\"@id\":\"https:\/\/hansacanada.com\/pt-br\/#website\",\"url\":\"https:\/\/hansacanada.com\/pt-br\/\",\"name\":\"Hansa Language Centre\",\"description\":\"Canada&#039;s leading language school\",\"potentialAction\":[{\"@type\":\"SearchAction\",\"target\":{\"@type\":\"EntryPoint\",\"urlTemplate\":\"https:\/\/hansacanada.com\/pt-br\/?s={search_term_string}\"},\"query-input\":{\"@type\":\"PropertyValueSpecification\",\"valueRequired\":true,\"valueName\":\"search_term_string\"}}],\"inLanguage\":\"pt-BR\"}]}<\/script>\n<!-- \/ Yoast SEO plugin. -->","yoast_head_json":{"title":"CURSOS INTENSIVOS DE INGL\u00caS EM TORONTO, CANAD\u00c1","description":"Nos cursos intensivos de ingl\u00eas da Hansa, os alunos podem escolher as disciplinas de estudo que incluem gram\u00e1tica, leitura, conversa\u00e7\u00e3o, audi\u00e7\u00e3o e escrita. O programa intensivo de ingl\u00eas \u00e9 em tempo integral e os estudantes t\u00eam a op\u00e7\u00e3o de fazer 15, 20, 25 ou 30 horas semanais.","robots":{"index":"index","follow":"follow","max-snippet":"max-snippet:-1","max-image-preview":"max-image-preview:large","max-video-preview":"max-video-preview:-1"},"canonical":"https:\/\/hansacanada.com\/pt-br\/english-courses\/cursos-intensivos-ingles\/","og_locale":"pt_BR","og_type":"article","og_title":"CURSOS INTENSIVOS DE INGL\u00caS EM TORONTO, CANAD\u00c1","og_description":"Nos cursos intensivos de ingl\u00eas da Hansa, os alunos podem escolher as disciplinas de estudo que incluem gram\u00e1tica, leitura, conversa\u00e7\u00e3o, audi\u00e7\u00e3o e escrita. O programa intensivo de ingl\u00eas \u00e9 em tempo integral e os estudantes t\u00eam a op\u00e7\u00e3o de fazer 15, 20, 25 ou 30 horas semanais.","og_url":"https:\/\/hansacanada.com\/pt-br\/english-courses\/cursos-intensivos-ingles\/","og_site_name":"Hansa Language Centre","article_publisher":"https:\/\/www.facebook.com\/HansaCanada\/","article_modified_time":"2018-01-13T19:24:10+00:00","twitter_card":"summary_large_image","twitter_site":"@hansalanguage","schema":{"@context":"https:\/\/schema.org","@graph":[{"@type":"WebPage","@id":"https:\/\/hansacanada.com\/pt-br\/english-courses\/cursos-intensivos-ingles\/","url":"https:\/\/hansacanada.com\/pt-br\/english-courses\/cursos-intensivos-ingles\/","name":"CURSOS INTENSIVOS DE INGL\u00caS EM TORONTO, CANAD\u00c1","isPartOf":{"@id":"https:\/\/hansacanada.com\/pt-br\/#website"},"datePublished":"2015-10-14T12:24:28+00:00","dateModified":"2018-01-13T19:24:10+00:00","description":"Nos cursos intensivos de ingl\u00eas da Hansa, os alunos podem escolher as disciplinas de estudo que incluem gram\u00e1tica, leitura, conversa\u00e7\u00e3o, audi\u00e7\u00e3o e escrita. O programa intensivo de ingl\u00eas \u00e9 em tempo integral e os estudantes t\u00eam a op\u00e7\u00e3o de fazer 15, 20, 25 ou 30 horas semanais.","breadcrumb":{"@id":"https:\/\/hansacanada.com\/pt-br\/english-courses\/cursos-intensivos-ingles\/#breadcrumb"},"inLanguage":"pt-BR","potentialAction":[{"@type":"ReadAction","target":["https:\/\/hansacanada.com\/pt-br\/english-courses\/cursos-intensivos-ingles\/"]}]},{"@type":"BreadcrumbList","@id":"https:\/\/hansacanada.com\/pt-br\/english-courses\/cursos-intensivos-ingles\/#breadcrumb","itemListElement":[{"@type":"ListItem","position":1,"name":"Home","item":"https:\/\/hansacanada.com\/pt-br\/"},{"@type":"ListItem","position":2,"name":"CURSOS DE INGL\u00caS","item":"https:\/\/hansacanada.com\/pt-br\/english-courses\/"},{"@type":"ListItem","position":3,"name":"CURSOS INTENSIVOS"}]},{"@type":"WebSite","@id":"https:\/\/hansacanada.com\/pt-br\/#website","url":"https:\/\/hansacanada.com\/pt-br\/","name":"Hansa Language Centre","description":"Canada&#039;s leading language school","potentialAction":[{"@type":"SearchAction","target":{"@type":"EntryPoint","urlTemplate":"https:\/\/hansacanada.com\/pt-br\/?s={search_term_string}"},"query-input":{"@type":"PropertyValueSpecification","valueRequired":true,"valueName":"search_term_string"}}],"inLanguage":"pt-BR"}]}},"_links":{"self":[{"href":"https:\/\/hansacanada.com\/pt-br\/wp-json\/wp\/v2\/pages\/3205","targetHints":{"allow":["GET"]}}],"collection":[{"href":"https:\/\/hansacanada.com\/pt-br\/wp-json\/wp\/v2\/pages"}],"about":[{"href":"https:\/\/hansacanada.com\/pt-br\/wp-json\/wp\/v2\/types\/page"}],"author":[{"embeddable":true,"href":"https:\/\/hansacanada.com\/pt-br\/wp-json\/wp\/v2\/users\/6"}],"replies":[{"embeddable":true,"href":"https:\/\/hansacanada.com\/pt-br\/wp-json\/wp\/v2\/comments?post=3205"}],"version-history":[{"count":5,"href":"https:\/\/hansacanada.com\/pt-br\/wp-json\/wp\/v2\/pages\/3205\/revisions"}],"predecessor-version":[{"id":8744,"href":"https:\/\/hansacanada.com\/pt-br\/wp-json\/wp\/v2\/pages\/3205\/revisions\/8744"}],"up":[{"embeddable":true,"href":"https:\/\/hansacanada.com\/pt-br\/wp-json\/wp\/v2\/pages\/1920"}],"wp:attachment":[{"href":"https:\/\/hansacanada.com\/pt-br\/wp-json\/wp\/v2\/media?parent=3205"}],"curies":[{"name":"wp","href":"https:\/\/api.w.org\/{rel}","templated":true}]}}