{"id":3362,"date":"2015-10-17T21:40:22","date_gmt":"2015-10-17T21:40:22","guid":{"rendered":"http:\/\/hansacanada.com\/english-programs\/private-classes\/"},"modified":"2026-01-14T15:37:22","modified_gmt":"2026-01-14T20:37:22","slug":"aulas-particulares","status":"publish","type":"page","link":"https:\/\/hansacanada.com\/pt-br\/english-courses\/aulas-particulares\/","title":{"rendered":"AULAS PARTICULARES"},"content":{"rendered":"","protected":false},"excerpt":{"rendered":"","protected":false},"author":6,"featured_media":0,"parent":1920,"menu_order":0,"comment_status":"closed","ping_status":"closed","template":"","meta":{"footnotes":""},"class_list":["post-3362","page","type-page","status-publish","hentry"],"yoast_head":"<!-- This site is optimized with the Yoast SEO plugin v26.9 - https:\/\/yoast.com\/product\/yoast-seo-wordpress\/ -->\n<title>AULAS PARTICULARES - PROGRAMA DE INGL\u00caS EXECUTIVO<\/title>\n<meta name=\"description\" content=\"Este programa foi criado para estudantes que queiram aprimorar seu n\u00edvel de ingl\u00eas com terminologias e express\u00f5es espec\u00edficas de suas \u00e1reas de trabalho. Ele pode ser montado exclusivamente com aulas particulares ou a partir de uma combina\u00e7\u00e3o tamb\u00e9m com aulas em grupo.\" \/>\n<meta name=\"robots\" content=\"index, follow, max-snippet:-1, max-image-preview:large, max-video-preview:-1\" \/>\n<link rel=\"canonical\" href=\"https:\/\/hansacanada.com\/pt-br\/english-courses\/aulas-particulares\/\" \/>\n<meta property=\"og:locale\" content=\"pt_BR\" \/>\n<meta property=\"og:type\" content=\"article\" \/>\n<meta property=\"og:title\" content=\"AULAS PARTICULARES - PROGRAMA DE INGL\u00caS EXECUTIVO\" \/>\n<meta property=\"og:description\" content=\"Este programa foi criado para estudantes que queiram aprimorar seu n\u00edvel de ingl\u00eas com terminologias e express\u00f5es espec\u00edficas de suas \u00e1reas de trabalho. Ele pode ser montado exclusivamente com aulas particulares ou a partir de uma combina\u00e7\u00e3o tamb\u00e9m com aulas em grupo.\" \/>\n<meta property=\"og:url\" content=\"https:\/\/hansacanada.com\/pt-br\/english-courses\/aulas-particulares\/\" \/>\n<meta property=\"og:site_name\" content=\"Hansa Language Centre\" \/>\n<meta property=\"article:publisher\" content=\"https:\/\/www.facebook.com\/HansaCanada\/\" \/>\n<meta property=\"article:modified_time\" content=\"2026-01-14T20:37:22+00:00\" \/>\n<meta name=\"twitter:card\" content=\"summary_large_image\" \/>\n<meta name=\"twitter:site\" content=\"@hansalanguage\" \/>\n<script type=\"application\/ld+json\" class=\"yoast-schema-graph\">{\"@context\":\"https:\/\/schema.org\",\"@graph\":[{\"@type\":\"WebPage\",\"@id\":\"https:\/\/hansacanada.com\/pt-br\/english-courses\/aulas-particulares\/\",\"url\":\"https:\/\/hansacanada.com\/pt-br\/english-courses\/aulas-particulares\/\",\"name\":\"AULAS PARTICULARES - PROGRAMA DE INGL\u00caS EXECUTIVO\",\"isPartOf\":{\"@id\":\"https:\/\/hansacanada.com\/pt-br\/#website\"},\"datePublished\":\"2015-10-17T21:40:22+00:00\",\"dateModified\":\"2026-01-14T20:37:22+00:00\",\"description\":\"Este programa foi criado para estudantes que queiram aprimorar seu n\u00edvel de ingl\u00eas com terminologias e express\u00f5es espec\u00edficas de suas \u00e1reas de trabalho. Ele pode ser montado exclusivamente com aulas particulares ou a partir de uma combina\u00e7\u00e3o tamb\u00e9m com aulas em grupo.\",\"breadcrumb\":{\"@id\":\"https:\/\/hansacanada.com\/pt-br\/english-courses\/aulas-particulares\/#breadcrumb\"},\"inLanguage\":\"pt-BR\",\"potentialAction\":[{\"@type\":\"ReadAction\",\"target\":[\"https:\/\/hansacanada.com\/pt-br\/english-courses\/aulas-particulares\/\"]}]},{\"@type\":\"BreadcrumbList\",\"@id\":\"https:\/\/hansacanada.com\/pt-br\/english-courses\/aulas-particulares\/#breadcrumb\",\"itemListElement\":[{\"@type\":\"ListItem\",\"position\":1,\"name\":\"Home\",\"item\":\"https:\/\/hansacanada.com\/pt-br\/\"},{\"@type\":\"ListItem\",\"position\":2,\"name\":\"CURSOS DE INGL\u00caS\",\"item\":\"https:\/\/hansacanada.com\/pt-br\/english-courses\/\"},{\"@type\":\"ListItem\",\"position\":3,\"name\":\"AULAS PARTICULARES\"}]},{\"@type\":\"WebSite\",\"@id\":\"https:\/\/hansacanada.com\/pt-br\/#website\",\"url\":\"https:\/\/hansacanada.com\/pt-br\/\",\"name\":\"Hansa Language Centre\",\"description\":\"Canada&#039;s leading language school\",\"potentialAction\":[{\"@type\":\"SearchAction\",\"target\":{\"@type\":\"EntryPoint\",\"urlTemplate\":\"https:\/\/hansacanada.com\/pt-br\/?s={search_term_string}\"},\"query-input\":{\"@type\":\"PropertyValueSpecification\",\"valueRequired\":true,\"valueName\":\"search_term_string\"}}],\"inLanguage\":\"pt-BR\"}]}<\/script>\n<!-- \/ Yoast SEO plugin. -->","yoast_head_json":{"title":"AULAS PARTICULARES - PROGRAMA DE INGL\u00caS EXECUTIVO","description":"Este programa foi criado para estudantes que queiram aprimorar seu n\u00edvel de ingl\u00eas com terminologias e express\u00f5es espec\u00edficas de suas \u00e1reas de trabalho. Ele pode ser montado exclusivamente com aulas particulares ou a partir de uma combina\u00e7\u00e3o tamb\u00e9m com aulas em grupo.","robots":{"index":"index","follow":"follow","max-snippet":"max-snippet:-1","max-image-preview":"max-image-preview:large","max-video-preview":"max-video-preview:-1"},"canonical":"https:\/\/hansacanada.com\/pt-br\/english-courses\/aulas-particulares\/","og_locale":"pt_BR","og_type":"article","og_title":"AULAS PARTICULARES - PROGRAMA DE INGL\u00caS EXECUTIVO","og_description":"Este programa foi criado para estudantes que queiram aprimorar seu n\u00edvel de ingl\u00eas com terminologias e express\u00f5es espec\u00edficas de suas \u00e1reas de trabalho. Ele pode ser montado exclusivamente com aulas particulares ou a partir de uma combina\u00e7\u00e3o tamb\u00e9m com aulas em grupo.","og_url":"https:\/\/hansacanada.com\/pt-br\/english-courses\/aulas-particulares\/","og_site_name":"Hansa Language Centre","article_publisher":"https:\/\/www.facebook.com\/HansaCanada\/","article_modified_time":"2026-01-14T20:37:22+00:00","twitter_card":"summary_large_image","twitter_site":"@hansalanguage","schema":{"@context":"https:\/\/schema.org","@graph":[{"@type":"WebPage","@id":"https:\/\/hansacanada.com\/pt-br\/english-courses\/aulas-particulares\/","url":"https:\/\/hansacanada.com\/pt-br\/english-courses\/aulas-particulares\/","name":"AULAS PARTICULARES - PROGRAMA DE INGL\u00caS EXECUTIVO","isPartOf":{"@id":"https:\/\/hansacanada.com\/pt-br\/#website"},"datePublished":"2015-10-17T21:40:22+00:00","dateModified":"2026-01-14T20:37:22+00:00","description":"Este programa foi criado para estudantes que queiram aprimorar seu n\u00edvel de ingl\u00eas com terminologias e express\u00f5es espec\u00edficas de suas \u00e1reas de trabalho. Ele pode ser montado exclusivamente com aulas particulares ou a partir de uma combina\u00e7\u00e3o tamb\u00e9m com aulas em grupo.","breadcrumb":{"@id":"https:\/\/hansacanada.com\/pt-br\/english-courses\/aulas-particulares\/#breadcrumb"},"inLanguage":"pt-BR","potentialAction":[{"@type":"ReadAction","target":["https:\/\/hansacanada.com\/pt-br\/english-courses\/aulas-particulares\/"]}]},{"@type":"BreadcrumbList","@id":"https:\/\/hansacanada.com\/pt-br\/english-courses\/aulas-particulares\/#breadcrumb","itemListElement":[{"@type":"ListItem","position":1,"name":"Home","item":"https:\/\/hansacanada.com\/pt-br\/"},{"@type":"ListItem","position":2,"name":"CURSOS DE INGL\u00caS","item":"https:\/\/hansacanada.com\/pt-br\/english-courses\/"},{"@type":"ListItem","position":3,"name":"AULAS PARTICULARES"}]},{"@type":"WebSite","@id":"https:\/\/hansacanada.com\/pt-br\/#website","url":"https:\/\/hansacanada.com\/pt-br\/","name":"Hansa Language Centre","description":"Canada&#039;s leading language school","potentialAction":[{"@type":"SearchAction","target":{"@type":"EntryPoint","urlTemplate":"https:\/\/hansacanada.com\/pt-br\/?s={search_term_string}"},"query-input":{"@type":"PropertyValueSpecification","valueRequired":true,"valueName":"search_term_string"}}],"inLanguage":"pt-BR"}]}},"_links":{"self":[{"href":"https:\/\/hansacanada.com\/pt-br\/wp-json\/wp\/v2\/pages\/3362","targetHints":{"allow":["GET"]}}],"collection":[{"href":"https:\/\/hansacanada.com\/pt-br\/wp-json\/wp\/v2\/pages"}],"about":[{"href":"https:\/\/hansacanada.com\/pt-br\/wp-json\/wp\/v2\/types\/page"}],"author":[{"embeddable":true,"href":"https:\/\/hansacanada.com\/pt-br\/wp-json\/wp\/v2\/users\/6"}],"replies":[{"embeddable":true,"href":"https:\/\/hansacanada.com\/pt-br\/wp-json\/wp\/v2\/comments?post=3362"}],"version-history":[{"count":5,"href":"https:\/\/hansacanada.com\/pt-br\/wp-json\/wp\/v2\/pages\/3362\/revisions"}],"predecessor-version":[{"id":23552,"href":"https:\/\/hansacanada.com\/pt-br\/wp-json\/wp\/v2\/pages\/3362\/revisions\/23552"}],"up":[{"embeddable":true,"href":"https:\/\/hansacanada.com\/pt-br\/wp-json\/wp\/v2\/pages\/1920"}],"wp:attachment":[{"href":"https:\/\/hansacanada.com\/pt-br\/wp-json\/wp\/v2\/media?parent=3362"}],"curies":[{"name":"wp","href":"https:\/\/api.w.org\/{rel}","templated":true}]}}