{"id":3422,"date":"2015-10-17T20:08:41","date_gmt":"2015-10-18T00:08:41","guid":{"rendered":"http:\/\/hansacanada.com\/english-programs\/evening-english-program\/"},"modified":"2026-01-14T15:35:47","modified_gmt":"2026-01-14T20:35:47","slug":"ingles-noturnos","status":"publish","type":"page","link":"https:\/\/hansacanada.com\/pt-br\/english-courses\/ingles-noturnos\/","title":{"rendered":"AULAS \u00c0 NOITE"},"content":{"rendered":"","protected":false},"excerpt":{"rendered":"","protected":false},"author":6,"featured_media":0,"parent":1920,"menu_order":0,"comment_status":"closed","ping_status":"closed","template":"","meta":{"footnotes":""},"class_list":["post-3422","page","type-page","status-publish","hentry"],"yoast_head":"<!-- This site is optimized with the Yoast SEO plugin v26.9 - https:\/\/yoast.com\/product\/yoast-seo-wordpress\/ -->\n<title>Cursos de ingl\u00eas noturnos ou aos s\u00e1bados na escola HANSA<\/title>\n<meta name=\"description\" content=\"Cursos de ingl\u00eas noturnos ou aos s\u00e1bados s\u00e3o oferecidos na nossa unidade da rua Yonge, 2160, a poucos passos da esta\u00e7\u00e3o de metr\u00f4 Eglinton. Comece agora! Tel: (+1) 416-485-1410\" \/>\n<meta name=\"robots\" content=\"index, follow, max-snippet:-1, max-image-preview:large, max-video-preview:-1\" \/>\n<link rel=\"canonical\" href=\"https:\/\/hansacanada.com\/pt-br\/english-courses\/ingles-noturnos\/\" \/>\n<meta property=\"og:locale\" content=\"pt_BR\" \/>\n<meta property=\"og:type\" content=\"article\" \/>\n<meta property=\"og:title\" content=\"Cursos de ingl\u00eas noturnos ou aos s\u00e1bados na escola HANSA\" \/>\n<meta property=\"og:description\" content=\"Cursos de ingl\u00eas noturnos ou aos s\u00e1bados s\u00e3o oferecidos na nossa unidade da rua Yonge, 2160, a poucos passos da esta\u00e7\u00e3o de metr\u00f4 Eglinton. Comece agora! Tel: (+1) 416-485-1410\" \/>\n<meta property=\"og:url\" content=\"https:\/\/hansacanada.com\/pt-br\/english-courses\/ingles-noturnos\/\" \/>\n<meta property=\"og:site_name\" content=\"Hansa Language Centre\" \/>\n<meta property=\"article:publisher\" content=\"https:\/\/www.facebook.com\/HansaCanada\/\" \/>\n<meta property=\"article:modified_time\" content=\"2026-01-14T20:35:47+00:00\" \/>\n<meta name=\"twitter:card\" content=\"summary_large_image\" \/>\n<meta name=\"twitter:site\" content=\"@hansalanguage\" \/>\n<script type=\"application\/ld+json\" class=\"yoast-schema-graph\">{\"@context\":\"https:\/\/schema.org\",\"@graph\":[{\"@type\":\"WebPage\",\"@id\":\"https:\/\/hansacanada.com\/pt-br\/english-courses\/ingles-noturnos\/\",\"url\":\"https:\/\/hansacanada.com\/pt-br\/english-courses\/ingles-noturnos\/\",\"name\":\"Cursos de ingl\u00eas noturnos ou aos s\u00e1bados na escola HANSA\",\"isPartOf\":{\"@id\":\"https:\/\/hansacanada.com\/pt-br\/#website\"},\"datePublished\":\"2015-10-18T00:08:41+00:00\",\"dateModified\":\"2026-01-14T20:35:47+00:00\",\"description\":\"Cursos de ingl\u00eas noturnos ou aos s\u00e1bados s\u00e3o oferecidos na nossa unidade da rua Yonge, 2160, a poucos passos da esta\u00e7\u00e3o de metr\u00f4 Eglinton. Comece agora! Tel: (+1) 416-485-1410\",\"breadcrumb\":{\"@id\":\"https:\/\/hansacanada.com\/pt-br\/english-courses\/ingles-noturnos\/#breadcrumb\"},\"inLanguage\":\"pt-BR\",\"potentialAction\":[{\"@type\":\"ReadAction\",\"target\":[\"https:\/\/hansacanada.com\/pt-br\/english-courses\/ingles-noturnos\/\"]}]},{\"@type\":\"BreadcrumbList\",\"@id\":\"https:\/\/hansacanada.com\/pt-br\/english-courses\/ingles-noturnos\/#breadcrumb\",\"itemListElement\":[{\"@type\":\"ListItem\",\"position\":1,\"name\":\"Home\",\"item\":\"https:\/\/hansacanada.com\/pt-br\/\"},{\"@type\":\"ListItem\",\"position\":2,\"name\":\"CURSOS DE INGL\u00caS\",\"item\":\"https:\/\/hansacanada.com\/pt-br\/english-courses\/\"},{\"@type\":\"ListItem\",\"position\":3,\"name\":\"AULAS \u00c0 NOITE\"}]},{\"@type\":\"WebSite\",\"@id\":\"https:\/\/hansacanada.com\/pt-br\/#website\",\"url\":\"https:\/\/hansacanada.com\/pt-br\/\",\"name\":\"Hansa Language Centre\",\"description\":\"Canada&#039;s leading language school\",\"potentialAction\":[{\"@type\":\"SearchAction\",\"target\":{\"@type\":\"EntryPoint\",\"urlTemplate\":\"https:\/\/hansacanada.com\/pt-br\/?s={search_term_string}\"},\"query-input\":{\"@type\":\"PropertyValueSpecification\",\"valueRequired\":true,\"valueName\":\"search_term_string\"}}],\"inLanguage\":\"pt-BR\"}]}<\/script>\n<!-- \/ Yoast SEO plugin. -->","yoast_head_json":{"title":"Cursos de ingl\u00eas noturnos ou aos s\u00e1bados na escola HANSA","description":"Cursos de ingl\u00eas noturnos ou aos s\u00e1bados s\u00e3o oferecidos na nossa unidade da rua Yonge, 2160, a poucos passos da esta\u00e7\u00e3o de metr\u00f4 Eglinton. Comece agora! Tel: (+1) 416-485-1410","robots":{"index":"index","follow":"follow","max-snippet":"max-snippet:-1","max-image-preview":"max-image-preview:large","max-video-preview":"max-video-preview:-1"},"canonical":"https:\/\/hansacanada.com\/pt-br\/english-courses\/ingles-noturnos\/","og_locale":"pt_BR","og_type":"article","og_title":"Cursos de ingl\u00eas noturnos ou aos s\u00e1bados na escola HANSA","og_description":"Cursos de ingl\u00eas noturnos ou aos s\u00e1bados s\u00e3o oferecidos na nossa unidade da rua Yonge, 2160, a poucos passos da esta\u00e7\u00e3o de metr\u00f4 Eglinton. Comece agora! Tel: (+1) 416-485-1410","og_url":"https:\/\/hansacanada.com\/pt-br\/english-courses\/ingles-noturnos\/","og_site_name":"Hansa Language Centre","article_publisher":"https:\/\/www.facebook.com\/HansaCanada\/","article_modified_time":"2026-01-14T20:35:47+00:00","twitter_card":"summary_large_image","twitter_site":"@hansalanguage","schema":{"@context":"https:\/\/schema.org","@graph":[{"@type":"WebPage","@id":"https:\/\/hansacanada.com\/pt-br\/english-courses\/ingles-noturnos\/","url":"https:\/\/hansacanada.com\/pt-br\/english-courses\/ingles-noturnos\/","name":"Cursos de ingl\u00eas noturnos ou aos s\u00e1bados na escola HANSA","isPartOf":{"@id":"https:\/\/hansacanada.com\/pt-br\/#website"},"datePublished":"2015-10-18T00:08:41+00:00","dateModified":"2026-01-14T20:35:47+00:00","description":"Cursos de ingl\u00eas noturnos ou aos s\u00e1bados s\u00e3o oferecidos na nossa unidade da rua Yonge, 2160, a poucos passos da esta\u00e7\u00e3o de metr\u00f4 Eglinton. Comece agora! Tel: (+1) 416-485-1410","breadcrumb":{"@id":"https:\/\/hansacanada.com\/pt-br\/english-courses\/ingles-noturnos\/#breadcrumb"},"inLanguage":"pt-BR","potentialAction":[{"@type":"ReadAction","target":["https:\/\/hansacanada.com\/pt-br\/english-courses\/ingles-noturnos\/"]}]},{"@type":"BreadcrumbList","@id":"https:\/\/hansacanada.com\/pt-br\/english-courses\/ingles-noturnos\/#breadcrumb","itemListElement":[{"@type":"ListItem","position":1,"name":"Home","item":"https:\/\/hansacanada.com\/pt-br\/"},{"@type":"ListItem","position":2,"name":"CURSOS DE INGL\u00caS","item":"https:\/\/hansacanada.com\/pt-br\/english-courses\/"},{"@type":"ListItem","position":3,"name":"AULAS \u00c0 NOITE"}]},{"@type":"WebSite","@id":"https:\/\/hansacanada.com\/pt-br\/#website","url":"https:\/\/hansacanada.com\/pt-br\/","name":"Hansa Language Centre","description":"Canada&#039;s leading language school","potentialAction":[{"@type":"SearchAction","target":{"@type":"EntryPoint","urlTemplate":"https:\/\/hansacanada.com\/pt-br\/?s={search_term_string}"},"query-input":{"@type":"PropertyValueSpecification","valueRequired":true,"valueName":"search_term_string"}}],"inLanguage":"pt-BR"}]}},"_links":{"self":[{"href":"https:\/\/hansacanada.com\/pt-br\/wp-json\/wp\/v2\/pages\/3422","targetHints":{"allow":["GET"]}}],"collection":[{"href":"https:\/\/hansacanada.com\/pt-br\/wp-json\/wp\/v2\/pages"}],"about":[{"href":"https:\/\/hansacanada.com\/pt-br\/wp-json\/wp\/v2\/types\/page"}],"author":[{"embeddable":true,"href":"https:\/\/hansacanada.com\/pt-br\/wp-json\/wp\/v2\/users\/6"}],"replies":[{"embeddable":true,"href":"https:\/\/hansacanada.com\/pt-br\/wp-json\/wp\/v2\/comments?post=3422"}],"version-history":[{"count":5,"href":"https:\/\/hansacanada.com\/pt-br\/wp-json\/wp\/v2\/pages\/3422\/revisions"}],"predecessor-version":[{"id":23549,"href":"https:\/\/hansacanada.com\/pt-br\/wp-json\/wp\/v2\/pages\/3422\/revisions\/23549"}],"up":[{"embeddable":true,"href":"https:\/\/hansacanada.com\/pt-br\/wp-json\/wp\/v2\/pages\/1920"}],"wp:attachment":[{"href":"https:\/\/hansacanada.com\/pt-br\/wp-json\/wp\/v2\/media?parent=3422"}],"curies":[{"name":"wp","href":"https:\/\/api.w.org\/{rel}","templated":true}]}}