{"id":3532,"date":"2015-10-19T21:56:59","date_gmt":"2015-10-19T21:56:59","guid":{"rendered":"http:\/\/hansacanada.com\/english-programs\/exam-preparation\/celpip\/"},"modified":"2025-09-23T14:12:14","modified_gmt":"2025-09-23T18:12:14","slug":"celpip","status":"publish","type":"page","link":"https:\/\/hansacanada.com\/pt-br\/english-courses\/exam-preparation\/celpip\/","title":{"rendered":"CURSO CELPIP"},"content":{"rendered":"","protected":false},"excerpt":{"rendered":"","protected":false},"author":6,"featured_media":0,"parent":3136,"menu_order":0,"comment_status":"closed","ping_status":"closed","template":"","meta":{"footnotes":""},"class_list":["post-3532","page","type-page","status-publish","hentry"],"yoast_head":"<!-- This site is optimized with the Yoast SEO plugin v26.9 - https:\/\/yoast.com\/product\/yoast-seo-wordpress\/ -->\n<title>Curso CELPIP | Prepara\u00e7\u00e3o CELPIP em Toronto | Escola HANSA<\/title>\n<meta name=\"description\" content=\"Inscreva-se em um curso CELPIP na escola Hansa. Fa\u00e7a CELPIP em Toronto e esteja pronto para aplicar para a resid\u00eancia permanente no Canad\u00e1. Ligue para a gente (+1) 416-485-1410\" \/>\n<meta name=\"robots\" content=\"index, follow, max-snippet:-1, max-image-preview:large, max-video-preview:-1\" \/>\n<link rel=\"canonical\" href=\"https:\/\/hansacanada.com\/pt-br\/english-courses\/exam-preparation\/celpip\/\" \/>\n<meta property=\"og:locale\" content=\"pt_BR\" \/>\n<meta property=\"og:type\" content=\"article\" \/>\n<meta property=\"og:title\" content=\"Curso CELPIP | Prepara\u00e7\u00e3o CELPIP em Toronto | Escola HANSA\" \/>\n<meta property=\"og:description\" content=\"Inscreva-se em um curso CELPIP na escola Hansa. Fa\u00e7a CELPIP em Toronto e esteja pronto para aplicar para a resid\u00eancia permanente no Canad\u00e1. Ligue para a gente (+1) 416-485-1410\" \/>\n<meta property=\"og:url\" content=\"https:\/\/hansacanada.com\/pt-br\/english-courses\/exam-preparation\/celpip\/\" \/>\n<meta property=\"og:site_name\" content=\"Hansa Language Centre\" \/>\n<meta property=\"article:publisher\" content=\"https:\/\/www.facebook.com\/HansaCanada\/\" \/>\n<meta property=\"article:modified_time\" content=\"2025-09-23T18:12:14+00:00\" \/>\n<meta name=\"twitter:card\" content=\"summary_large_image\" \/>\n<meta name=\"twitter:site\" content=\"@hansalanguage\" \/>\n<script type=\"application\/ld+json\" class=\"yoast-schema-graph\">{\"@context\":\"https:\/\/schema.org\",\"@graph\":[{\"@type\":\"WebPage\",\"@id\":\"https:\/\/hansacanada.com\/pt-br\/english-courses\/exam-preparation\/celpip\/\",\"url\":\"https:\/\/hansacanada.com\/pt-br\/english-courses\/exam-preparation\/celpip\/\",\"name\":\"Curso CELPIP | Prepara\u00e7\u00e3o CELPIP em Toronto | Escola HANSA\",\"isPartOf\":{\"@id\":\"https:\/\/hansacanada.com\/pt-br\/#website\"},\"datePublished\":\"2015-10-19T21:56:59+00:00\",\"dateModified\":\"2025-09-23T18:12:14+00:00\",\"description\":\"Inscreva-se em um curso CELPIP na escola Hansa. Fa\u00e7a CELPIP em Toronto e esteja pronto para aplicar para a resid\u00eancia permanente no Canad\u00e1. Ligue para a gente (+1) 416-485-1410\",\"breadcrumb\":{\"@id\":\"https:\/\/hansacanada.com\/pt-br\/english-courses\/exam-preparation\/celpip\/#breadcrumb\"},\"inLanguage\":\"pt-BR\",\"potentialAction\":[{\"@type\":\"ReadAction\",\"target\":[\"https:\/\/hansacanada.com\/pt-br\/english-courses\/exam-preparation\/celpip\/\"]}]},{\"@type\":\"BreadcrumbList\",\"@id\":\"https:\/\/hansacanada.com\/pt-br\/english-courses\/exam-preparation\/celpip\/#breadcrumb\",\"itemListElement\":[{\"@type\":\"ListItem\",\"position\":1,\"name\":\"Home\",\"item\":\"https:\/\/hansacanada.com\/pt-br\/\"},{\"@type\":\"ListItem\",\"position\":2,\"name\":\"CURSOS DE INGL\u00caS\",\"item\":\"https:\/\/hansacanada.com\/pt-br\/english-courses\/\"},{\"@type\":\"ListItem\",\"position\":3,\"name\":\"PREPARA\u00c7\u00c3O PARA EXAMES\",\"item\":\"https:\/\/hansacanada.com\/pt-br\/english-courses\/exam-preparation\/\"},{\"@type\":\"ListItem\",\"position\":4,\"name\":\"CURSO CELPIP\"}]},{\"@type\":\"WebSite\",\"@id\":\"https:\/\/hansacanada.com\/pt-br\/#website\",\"url\":\"https:\/\/hansacanada.com\/pt-br\/\",\"name\":\"Hansa Language Centre\",\"description\":\"Canada&#039;s leading language school\",\"potentialAction\":[{\"@type\":\"SearchAction\",\"target\":{\"@type\":\"EntryPoint\",\"urlTemplate\":\"https:\/\/hansacanada.com\/pt-br\/?s={search_term_string}\"},\"query-input\":{\"@type\":\"PropertyValueSpecification\",\"valueRequired\":true,\"valueName\":\"search_term_string\"}}],\"inLanguage\":\"pt-BR\"}]}<\/script>\n<!-- \/ Yoast SEO plugin. -->","yoast_head_json":{"title":"Curso CELPIP | Prepara\u00e7\u00e3o CELPIP em Toronto | Escola HANSA","description":"Inscreva-se em um curso CELPIP na escola Hansa. Fa\u00e7a CELPIP em Toronto e esteja pronto para aplicar para a resid\u00eancia permanente no Canad\u00e1. Ligue para a gente (+1) 416-485-1410","robots":{"index":"index","follow":"follow","max-snippet":"max-snippet:-1","max-image-preview":"max-image-preview:large","max-video-preview":"max-video-preview:-1"},"canonical":"https:\/\/hansacanada.com\/pt-br\/english-courses\/exam-preparation\/celpip\/","og_locale":"pt_BR","og_type":"article","og_title":"Curso CELPIP | Prepara\u00e7\u00e3o CELPIP em Toronto | Escola HANSA","og_description":"Inscreva-se em um curso CELPIP na escola Hansa. Fa\u00e7a CELPIP em Toronto e esteja pronto para aplicar para a resid\u00eancia permanente no Canad\u00e1. Ligue para a gente (+1) 416-485-1410","og_url":"https:\/\/hansacanada.com\/pt-br\/english-courses\/exam-preparation\/celpip\/","og_site_name":"Hansa Language Centre","article_publisher":"https:\/\/www.facebook.com\/HansaCanada\/","article_modified_time":"2025-09-23T18:12:14+00:00","twitter_card":"summary_large_image","twitter_site":"@hansalanguage","schema":{"@context":"https:\/\/schema.org","@graph":[{"@type":"WebPage","@id":"https:\/\/hansacanada.com\/pt-br\/english-courses\/exam-preparation\/celpip\/","url":"https:\/\/hansacanada.com\/pt-br\/english-courses\/exam-preparation\/celpip\/","name":"Curso CELPIP | Prepara\u00e7\u00e3o CELPIP em Toronto | Escola HANSA","isPartOf":{"@id":"https:\/\/hansacanada.com\/pt-br\/#website"},"datePublished":"2015-10-19T21:56:59+00:00","dateModified":"2025-09-23T18:12:14+00:00","description":"Inscreva-se em um curso CELPIP na escola Hansa. Fa\u00e7a CELPIP em Toronto e esteja pronto para aplicar para a resid\u00eancia permanente no Canad\u00e1. Ligue para a gente (+1) 416-485-1410","breadcrumb":{"@id":"https:\/\/hansacanada.com\/pt-br\/english-courses\/exam-preparation\/celpip\/#breadcrumb"},"inLanguage":"pt-BR","potentialAction":[{"@type":"ReadAction","target":["https:\/\/hansacanada.com\/pt-br\/english-courses\/exam-preparation\/celpip\/"]}]},{"@type":"BreadcrumbList","@id":"https:\/\/hansacanada.com\/pt-br\/english-courses\/exam-preparation\/celpip\/#breadcrumb","itemListElement":[{"@type":"ListItem","position":1,"name":"Home","item":"https:\/\/hansacanada.com\/pt-br\/"},{"@type":"ListItem","position":2,"name":"CURSOS DE INGL\u00caS","item":"https:\/\/hansacanada.com\/pt-br\/english-courses\/"},{"@type":"ListItem","position":3,"name":"PREPARA\u00c7\u00c3O PARA EXAMES","item":"https:\/\/hansacanada.com\/pt-br\/english-courses\/exam-preparation\/"},{"@type":"ListItem","position":4,"name":"CURSO CELPIP"}]},{"@type":"WebSite","@id":"https:\/\/hansacanada.com\/pt-br\/#website","url":"https:\/\/hansacanada.com\/pt-br\/","name":"Hansa Language Centre","description":"Canada&#039;s leading language school","potentialAction":[{"@type":"SearchAction","target":{"@type":"EntryPoint","urlTemplate":"https:\/\/hansacanada.com\/pt-br\/?s={search_term_string}"},"query-input":{"@type":"PropertyValueSpecification","valueRequired":true,"valueName":"search_term_string"}}],"inLanguage":"pt-BR"}]}},"_links":{"self":[{"href":"https:\/\/hansacanada.com\/pt-br\/wp-json\/wp\/v2\/pages\/3532","targetHints":{"allow":["GET"]}}],"collection":[{"href":"https:\/\/hansacanada.com\/pt-br\/wp-json\/wp\/v2\/pages"}],"about":[{"href":"https:\/\/hansacanada.com\/pt-br\/wp-json\/wp\/v2\/types\/page"}],"author":[{"embeddable":true,"href":"https:\/\/hansacanada.com\/pt-br\/wp-json\/wp\/v2\/users\/6"}],"replies":[{"embeddable":true,"href":"https:\/\/hansacanada.com\/pt-br\/wp-json\/wp\/v2\/comments?post=3532"}],"version-history":[{"count":5,"href":"https:\/\/hansacanada.com\/pt-br\/wp-json\/wp\/v2\/pages\/3532\/revisions"}],"predecessor-version":[{"id":23410,"href":"https:\/\/hansacanada.com\/pt-br\/wp-json\/wp\/v2\/pages\/3532\/revisions\/23410"}],"up":[{"embeddable":true,"href":"https:\/\/hansacanada.com\/pt-br\/wp-json\/wp\/v2\/pages\/3136"}],"wp:attachment":[{"href":"https:\/\/hansacanada.com\/pt-br\/wp-json\/wp\/v2\/media?parent=3532"}],"curies":[{"name":"wp","href":"https:\/\/api.w.org\/{rel}","templated":true}]}}