{"id":4697,"date":"2016-12-20T17:02:54","date_gmt":"2016-12-20T17:02:54","guid":{"rendered":"http:\/\/hansacanada.com\/english-programs\/junior-program\/"},"modified":"2025-11-12T15:49:30","modified_gmt":"2025-11-12T20:49:30","slug":"adolescentes","status":"publish","type":"page","link":"https:\/\/hansacanada.com\/pt-br\/english-courses\/adolescentes\/","title":{"rendered":"JUNIOR PROGRAM"},"content":{"rendered":"","protected":false},"excerpt":{"rendered":"","protected":false},"author":6,"featured_media":0,"parent":1920,"menu_order":0,"comment_status":"closed","ping_status":"closed","template":"","meta":{"footnotes":""},"class_list":["post-4697","page","type-page","status-publish","hentry"],"yoast_head":"<!-- This site is optimized with the Yoast SEO plugin v26.9 - https:\/\/yoast.com\/product\/yoast-seo-wordpress\/ -->\n<title>Cursos de ingl\u00eas para adolescentes | interc\u00e2mbio para jovens<\/title>\n<meta name=\"description\" content=\"Cursos de ingl\u00eas para adolescentes em Toronto com \u00f3timos pre\u00e7os. A Hansa \u00e9 melhor op\u00e7\u00e3o de interc\u00e2mbio para jovens dos 13 aos 15 anos de idade. A escola foi fundada em 1969 e possui uma grande experi\u00eancia dando aulas de ingl\u00eas e outros idiomas.\" \/>\n<meta name=\"robots\" content=\"index, follow, max-snippet:-1, max-image-preview:large, max-video-preview:-1\" \/>\n<link rel=\"canonical\" href=\"https:\/\/hansacanada.com\/pt-br\/english-courses\/adolescentes\/\" \/>\n<meta property=\"og:locale\" content=\"pt_BR\" \/>\n<meta property=\"og:type\" content=\"article\" \/>\n<meta property=\"og:title\" content=\"Cursos de ingl\u00eas para adolescentes | interc\u00e2mbio para jovens\" \/>\n<meta property=\"og:description\" content=\"Cursos de ingl\u00eas para adolescentes em Toronto com \u00f3timos pre\u00e7os. A Hansa \u00e9 melhor op\u00e7\u00e3o de interc\u00e2mbio para jovens dos 13 aos 15 anos de idade. A escola foi fundada em 1969 e possui uma grande experi\u00eancia dando aulas de ingl\u00eas e outros idiomas.\" \/>\n<meta property=\"og:url\" content=\"https:\/\/hansacanada.com\/pt-br\/english-courses\/adolescentes\/\" \/>\n<meta property=\"og:site_name\" content=\"Hansa Language Centre\" \/>\n<meta property=\"article:publisher\" content=\"https:\/\/www.facebook.com\/HansaCanada\/\" \/>\n<meta property=\"article:modified_time\" content=\"2025-11-12T20:49:30+00:00\" \/>\n<meta name=\"twitter:card\" content=\"summary_large_image\" \/>\n<meta name=\"twitter:site\" content=\"@hansalanguage\" \/>\n<script type=\"application\/ld+json\" class=\"yoast-schema-graph\">{\"@context\":\"https:\/\/schema.org\",\"@graph\":[{\"@type\":\"WebPage\",\"@id\":\"https:\/\/hansacanada.com\/pt-br\/english-courses\/adolescentes\/\",\"url\":\"https:\/\/hansacanada.com\/pt-br\/english-courses\/adolescentes\/\",\"name\":\"Cursos de ingl\u00eas para adolescentes | interc\u00e2mbio para jovens\",\"isPartOf\":{\"@id\":\"https:\/\/hansacanada.com\/pt-br\/#website\"},\"datePublished\":\"2016-12-20T17:02:54+00:00\",\"dateModified\":\"2025-11-12T20:49:30+00:00\",\"description\":\"Cursos de ingl\u00eas para adolescentes em Toronto com \u00f3timos pre\u00e7os. A Hansa \u00e9 melhor op\u00e7\u00e3o de interc\u00e2mbio para jovens dos 13 aos 15 anos de idade. A escola foi fundada em 1969 e possui uma grande experi\u00eancia dando aulas de ingl\u00eas e outros idiomas.\",\"breadcrumb\":{\"@id\":\"https:\/\/hansacanada.com\/pt-br\/english-courses\/adolescentes\/#breadcrumb\"},\"inLanguage\":\"pt-BR\",\"potentialAction\":[{\"@type\":\"ReadAction\",\"target\":[\"https:\/\/hansacanada.com\/pt-br\/english-courses\/adolescentes\/\"]}]},{\"@type\":\"BreadcrumbList\",\"@id\":\"https:\/\/hansacanada.com\/pt-br\/english-courses\/adolescentes\/#breadcrumb\",\"itemListElement\":[{\"@type\":\"ListItem\",\"position\":1,\"name\":\"Home\",\"item\":\"https:\/\/hansacanada.com\/pt-br\/\"},{\"@type\":\"ListItem\",\"position\":2,\"name\":\"CURSOS DE INGL\u00caS\",\"item\":\"https:\/\/hansacanada.com\/pt-br\/english-courses\/\"},{\"@type\":\"ListItem\",\"position\":3,\"name\":\"JUNIOR PROGRAM\"}]},{\"@type\":\"WebSite\",\"@id\":\"https:\/\/hansacanada.com\/pt-br\/#website\",\"url\":\"https:\/\/hansacanada.com\/pt-br\/\",\"name\":\"Hansa Language Centre\",\"description\":\"Canada&#039;s leading language school\",\"potentialAction\":[{\"@type\":\"SearchAction\",\"target\":{\"@type\":\"EntryPoint\",\"urlTemplate\":\"https:\/\/hansacanada.com\/pt-br\/?s={search_term_string}\"},\"query-input\":{\"@type\":\"PropertyValueSpecification\",\"valueRequired\":true,\"valueName\":\"search_term_string\"}}],\"inLanguage\":\"pt-BR\"}]}<\/script>\n<!-- \/ Yoast SEO plugin. -->","yoast_head_json":{"title":"Cursos de ingl\u00eas para adolescentes | interc\u00e2mbio para jovens","description":"Cursos de ingl\u00eas para adolescentes em Toronto com \u00f3timos pre\u00e7os. A Hansa \u00e9 melhor op\u00e7\u00e3o de interc\u00e2mbio para jovens dos 13 aos 15 anos de idade. A escola foi fundada em 1969 e possui uma grande experi\u00eancia dando aulas de ingl\u00eas e outros idiomas.","robots":{"index":"index","follow":"follow","max-snippet":"max-snippet:-1","max-image-preview":"max-image-preview:large","max-video-preview":"max-video-preview:-1"},"canonical":"https:\/\/hansacanada.com\/pt-br\/english-courses\/adolescentes\/","og_locale":"pt_BR","og_type":"article","og_title":"Cursos de ingl\u00eas para adolescentes | interc\u00e2mbio para jovens","og_description":"Cursos de ingl\u00eas para adolescentes em Toronto com \u00f3timos pre\u00e7os. A Hansa \u00e9 melhor op\u00e7\u00e3o de interc\u00e2mbio para jovens dos 13 aos 15 anos de idade. A escola foi fundada em 1969 e possui uma grande experi\u00eancia dando aulas de ingl\u00eas e outros idiomas.","og_url":"https:\/\/hansacanada.com\/pt-br\/english-courses\/adolescentes\/","og_site_name":"Hansa Language Centre","article_publisher":"https:\/\/www.facebook.com\/HansaCanada\/","article_modified_time":"2025-11-12T20:49:30+00:00","twitter_card":"summary_large_image","twitter_site":"@hansalanguage","schema":{"@context":"https:\/\/schema.org","@graph":[{"@type":"WebPage","@id":"https:\/\/hansacanada.com\/pt-br\/english-courses\/adolescentes\/","url":"https:\/\/hansacanada.com\/pt-br\/english-courses\/adolescentes\/","name":"Cursos de ingl\u00eas para adolescentes | interc\u00e2mbio para jovens","isPartOf":{"@id":"https:\/\/hansacanada.com\/pt-br\/#website"},"datePublished":"2016-12-20T17:02:54+00:00","dateModified":"2025-11-12T20:49:30+00:00","description":"Cursos de ingl\u00eas para adolescentes em Toronto com \u00f3timos pre\u00e7os. A Hansa \u00e9 melhor op\u00e7\u00e3o de interc\u00e2mbio para jovens dos 13 aos 15 anos de idade. A escola foi fundada em 1969 e possui uma grande experi\u00eancia dando aulas de ingl\u00eas e outros idiomas.","breadcrumb":{"@id":"https:\/\/hansacanada.com\/pt-br\/english-courses\/adolescentes\/#breadcrumb"},"inLanguage":"pt-BR","potentialAction":[{"@type":"ReadAction","target":["https:\/\/hansacanada.com\/pt-br\/english-courses\/adolescentes\/"]}]},{"@type":"BreadcrumbList","@id":"https:\/\/hansacanada.com\/pt-br\/english-courses\/adolescentes\/#breadcrumb","itemListElement":[{"@type":"ListItem","position":1,"name":"Home","item":"https:\/\/hansacanada.com\/pt-br\/"},{"@type":"ListItem","position":2,"name":"CURSOS DE INGL\u00caS","item":"https:\/\/hansacanada.com\/pt-br\/english-courses\/"},{"@type":"ListItem","position":3,"name":"JUNIOR PROGRAM"}]},{"@type":"WebSite","@id":"https:\/\/hansacanada.com\/pt-br\/#website","url":"https:\/\/hansacanada.com\/pt-br\/","name":"Hansa Language Centre","description":"Canada&#039;s leading language school","potentialAction":[{"@type":"SearchAction","target":{"@type":"EntryPoint","urlTemplate":"https:\/\/hansacanada.com\/pt-br\/?s={search_term_string}"},"query-input":{"@type":"PropertyValueSpecification","valueRequired":true,"valueName":"search_term_string"}}],"inLanguage":"pt-BR"}]}},"_links":{"self":[{"href":"https:\/\/hansacanada.com\/pt-br\/wp-json\/wp\/v2\/pages\/4697","targetHints":{"allow":["GET"]}}],"collection":[{"href":"https:\/\/hansacanada.com\/pt-br\/wp-json\/wp\/v2\/pages"}],"about":[{"href":"https:\/\/hansacanada.com\/pt-br\/wp-json\/wp\/v2\/types\/page"}],"author":[{"embeddable":true,"href":"https:\/\/hansacanada.com\/pt-br\/wp-json\/wp\/v2\/users\/6"}],"replies":[{"embeddable":true,"href":"https:\/\/hansacanada.com\/pt-br\/wp-json\/wp\/v2\/comments?post=4697"}],"version-history":[{"count":5,"href":"https:\/\/hansacanada.com\/pt-br\/wp-json\/wp\/v2\/pages\/4697\/revisions"}],"predecessor-version":[{"id":23480,"href":"https:\/\/hansacanada.com\/pt-br\/wp-json\/wp\/v2\/pages\/4697\/revisions\/23480"}],"up":[{"embeddable":true,"href":"https:\/\/hansacanada.com\/pt-br\/wp-json\/wp\/v2\/pages\/1920"}],"wp:attachment":[{"href":"https:\/\/hansacanada.com\/pt-br\/wp-json\/wp\/v2\/media?parent=4697"}],"curies":[{"name":"wp","href":"https:\/\/api.w.org\/{rel}","templated":true}]}}